{"id":212,"date":"2016-01-30T03:52:18","date_gmt":"2016-01-30T03:52:18","guid":{"rendered":"https:\/\/www.espagnolporfavor.com\/?page_id=212"},"modified":"2023-01-13T13:41:36","modified_gmt":"2023-01-13T18:41:36","slug":"temoignages","status":"publish","type":"page","link":"https:\/\/www.espagnolporfavor.com\/es\/temoignages\/","title":{"rendered":"Comentarios"},"content":{"rendered":"<style type=\"text\/css\"><\/style><p><\/p>\n<h3><a href=\"https:\/\/www.espagnolporfavor.com\/wp-content\/uploads\/2019\/08\/P1010228.jpg\"><img loading=\"lazy\" decoding=\"async\" class=\"aligncenter wp-image-6742 size-large\" src=\"https:\/\/www.espagnolporfavor.com\/wp-content\/uploads\/2019\/08\/P1010228-1024x768.jpg\" alt=\"\" width=\"1024\" height=\"768\" \/><\/a><\/h3>\n<h3>\u00a1Lo que nuestros alumnos dicen de nosotros!<\/h3>\n<p><em>\u00abEstudio espa\u00f1ol con Fernando en cursos particulares desde hace un a\u00f1o. Aprender un idioma requiere esfuerzos y perseverancia. Una de las cualidades esenciales de un profesor es mantener la motivaci\u00f3n. Fernando tiene esta cualidad excepcional.\u00a0<\/em><\/p>\n<p><em>Su gran cultura y su capacidad de adaptar su ense\u00f1anza a nuestros intereses y tambi\u00e9n a nuestras dificultades de aprendizaje hacen de \u00e9l un excelente profesor\u00bb.\u00a0<\/em><\/p>\n<p><em>Mich\u00e8le R.<\/em><\/p>\n<p>\u00ab\u00bf<em>Te gustar\u00eda aprender espa\u00f1ol para viajar o para descubrir una cultura tan importante? Espa\u00f1ol por favor puede ayudarte. Con esfuerzos, motivaci\u00f3n y sobre todo consejos de tu profesor, T\u00fa tambi\u00e9n podr\u00e1s r\u00e1pidamente entender y hablar espa\u00f1ol. \u00a1Qu\u00e9 suerte!\u00bb<\/em><\/p>\n<p><em>Louis G.<\/em><\/p>\n<p><em>\u00abClases particulares o en grupo adaptadas a nuestro nivel en un ambiente relajado por un profesor competente y din\u00e1mico\u00bb.<\/em><\/p>\n<p><em>Daniel D.<\/em><\/p>\n<p><em>\u00abLos grupos de conversaci\u00f3n son una oportunidad de practicar con otras personas en situaci\u00f3n informal y espont\u00e1nea.\u00a0 Adem\u00e1s, es tambi\u00e9n un momento para mejorar la conversaci\u00f3n y la cultura\u00a0de Espa\u00f1a\u00a0en un ambiente relajado bajo la supervisi\u00f3n de un profesor experimentado.\u00bb<\/em><\/p>\n<p><em>Daniel B.<\/em><\/p>\n<p><em>\u00abLo que me gusta mucho en nuestros encuentros semanales, es el peque\u00f1o grupo (de 4 personas), lo que nos da la posibilidad de discutir diferentes temas, leer diferentes\u00a0art\u00edculos y, de vez en cuando de revisar algunas cuestiones gramaticales.\u00bb<\/em><\/p>\n<p><em>Monique R.<\/em><\/p>\n<p><em>\u00abFernando es un muy buen profesor de espa\u00f1ol. Tiene paciencia y cada clase es muy interesante para los adultos. Desde hace dos a\u00f1os estoy tomando clases en un grupo peque\u00f1o. Hablamos de pol\u00edtica, de literatura y de asuntos sociales. Aprendo mucho.<\/em><\/p>\n<p><em>Gracias Fernando.\u00bb<\/em><\/p>\n<p><em>Carol F.<\/em><\/p>\n<p><em>\u00abSoy una alumna de la escuela \u00ab\u00a0Espa\u00f1ol por favor\u00a0\u00bb desde hace un a\u00f1o y medio. \u00a0Tom\u00e9 cursos privados durante tres meses (\u00a1por skype!) y, desde septiembre, participo en clases con dos otras alumnas. Me gusta mucho el m\u00e9todo de Fernando. Es simple, amistoso y muy variado. Cada semana, hacemos ejercicios diferentes\u00a0 &#8211; de gram\u00e1tica, de conversaci\u00f3n, de escritura, etc.-, utilizando \u00a0a veces el manual y a veces trabajando con otros materiales como art\u00edculos de revistas, canciones, im\u00e1genes, pel\u00edculas, etc. Siempre es interesante, y, sobre todo, el ambiente siempre es relajado y simp\u00e1tico. Progres\u00e9 mucho desde mis primeras clases. \u00a1Es incre\u00edble! \u00a0\u00a0\u00a1Recomiendo los cursos de Fernando a todos los que quieran aprender espa\u00f1ol con alegr\u00eda!\u00bb<\/em><\/p>\n<p><em>Carole F.<\/em><\/p>\n<p><em>\u00abHace tres a\u00f1os que tomo cursos privados de espa\u00f1ol con Fernando, a veces en la compa\u00f1\u00eda de una o dos alumnas. Es un profesor muy competente y muy atento. Es siempre un placer conversar con \u00e9l. Tiene mucho respeto por sus alumnos. Podemos discutir de gran variedad de temas de conversaci\u00f3n. Corrige errores de una manera amable. Tiene tambi\u00e9n sentido del humor. Re\u00edmos mucho durante la clase.\u00bb<\/em><\/p>\n<p><em>Ginette L.<\/em><\/p>\n<p><em>\u00abHace un a\u00f1o que he empezado el curso de espa\u00f1ol con Espagnol Por Favor.<\/em><br \/>\n<em>El grupo de alumnos es peque\u00f1o y he aprendido mucha gram\u00e1tica y variado vocabulario.<\/em><br \/>\n<em>Podemos conversar de muchos temas : pol\u00edtica, comida, cultura, viajes, etc.<\/em><br \/>\n<em>Fernando es un profesor muy profesional y agradable.\u00bb<\/em><\/p>\n<p><em>G\u00e9raldine D.<\/em><\/p>\n<p><em>\u00abEstudio con Espagnol por favor desde hace un a\u00f1o y medio. Las clases con Fernando son muy agradables. Hacemos las clases con peque\u00f1os grupos y creo que es por eso que aprendemos mucho y r\u00e1pido. Recomiendo Espagnol por favor a todos!\u00bb<\/em><\/p>\n<p><em>Lucile M.<\/em><\/p>\n<p><em>\u00abHace un a\u00f1o que empec\u00e9 a trabajar con Fernando, y aprend\u00ed mucho. Tuve \u00e9xito en mi examen Dele B2, y puedo ahora realmente hablar con fluidez&#8230; Recomiendo Espagnol por favor a todos!!! Que tenga un buen d\u00eda!!!\u00bb<\/em><\/p>\n<p><em>S\u00e9verine P.<\/em><\/p>","protected":false},"excerpt":{"rendered":"<p>\u00a1Lo que nuestros alumnos dicen de nosotros! \u00abEstudio espa\u00f1ol con Fernando en cursos particulares desde hace un a\u00f1o. Aprender un idioma requiere esfuerzos y perseverancia. Una de las cualidades esenciales&#8230;<\/p>\n","protected":false},"author":1,"featured_media":0,"parent":0,"menu_order":0,"comment_status":"closed","ping_status":"closed","template":"","meta":{"footnotes":""},"class_list":["post-212","page","type-page","status-publish","hentry"],"yoast_head":"<!-- This site is optimized with the Yoast SEO plugin v27.2 - https:\/\/yoast.com\/product\/yoast-seo-wordpress\/ -->\n<title>Comentarios - Espagnol Por Favor<\/title>\n<meta name=\"description\" content=\"Nous sommes fiers de nos \u00e9l\u00e8ves; vous pouvez lire quelques commentaires sur leur apprentissage de l&#039;espagnol avec notre \u00e9cole.\" \/>\n<meta name=\"robots\" content=\"index, follow, max-snippet:-1, max-image-preview:large, max-video-preview:-1\" \/>\n<link rel=\"canonical\" href=\"https:\/\/www.espagnolporfavor.com\/temoignages\/\" \/>\n<meta property=\"og:locale\" content=\"es_ES\" \/>\n<meta property=\"og:type\" content=\"article\" \/>\n<meta property=\"og:title\" content=\"[:fr]T\u00e9moignages[:es]Comentarios[:] - Espagnol Por Favor\" \/>\n<meta property=\"og:description\" content=\"Nous sommes fiers de nos \u00e9l\u00e8ves; vous pouvez lire quelques commentaires sur leur apprentissage de l&#039;espagnol avec notre \u00e9cole.\" \/>\n<meta property=\"og:url\" content=\"https:\/\/www.espagnolporfavor.com\/temoignages\/\" \/>\n<meta property=\"og:site_name\" content=\"Espagnol Por Favor\" \/>\n<meta property=\"article:publisher\" content=\"https:\/\/www.facebook.com\/espagnolporfavor\/\" \/>\n<meta property=\"article:modified_time\" content=\"2023-01-13T18:41:36+00:00\" \/>\n<meta property=\"og:image\" content=\"https:\/\/www.espagnolporfavor.com\/wp-content\/uploads\/2019\/08\/P1010228-1024x768.jpg\" \/>\n<meta name=\"twitter:card\" content=\"summary_large_image\" \/>\n<meta name=\"twitter:label1\" content=\"Tiempo de lectura\" \/>\n\t<meta name=\"twitter:data1\" content=\"10 minutos\" \/>\n<script type=\"application\/ld+json\" class=\"yoast-schema-graph\">{\"@context\":\"https:\/\/schema.org\",\"@graph\":[{\"@type\":[\"Article\",\"Report\"],\"@id\":\"https:\/\/www.espagnolporfavor.com\/temoignages\/#article\",\"isPartOf\":{\"@id\":\"https:\/\/www.espagnolporfavor.com\/temoignages\/\"},\"author\":{\"name\":\"Espagnol Por Favor\",\"@id\":\"https:\/\/www.espagnolporfavor.com\/#\/schema\/person\/b3486cc0d57ac5e33a17031dbd527dda\"},\"headline\":\"Comentarios\",\"datePublished\":\"2016-01-30T03:52:18+00:00\",\"dateModified\":\"2023-01-13T18:41:36+00:00\",\"mainEntityOfPage\":{\"@id\":\"https:\/\/www.espagnolporfavor.com\/temoignages\/\"},\"wordCount\":1848,\"publisher\":{\"@id\":\"https:\/\/www.espagnolporfavor.com\/#organization\"},\"image\":{\"@id\":\"https:\/\/www.espagnolporfavor.com\/temoignages\/#primaryimage\"},\"thumbnailUrl\":\"https:\/\/www.espagnolporfavor.com\/wp-content\/uploads\/2019\/08\/P1010228-1024x768.jpg\",\"inLanguage\":\"es\"},{\"@type\":[\"WebPage\",\"ItemPage\"],\"@id\":\"https:\/\/www.espagnolporfavor.com\/temoignages\/\",\"url\":\"https:\/\/www.espagnolporfavor.com\/temoignages\/\",\"name\":\"[:fr]T\u00e9moignages[:es]Comentarios[:] - Espagnol Por Favor\",\"isPartOf\":{\"@id\":\"https:\/\/www.espagnolporfavor.com\/#website\"},\"primaryImageOfPage\":{\"@id\":\"https:\/\/www.espagnolporfavor.com\/temoignages\/#primaryimage\"},\"image\":{\"@id\":\"https:\/\/www.espagnolporfavor.com\/temoignages\/#primaryimage\"},\"thumbnailUrl\":\"https:\/\/www.espagnolporfavor.com\/wp-content\/uploads\/2019\/08\/P1010228-1024x768.jpg\",\"datePublished\":\"2016-01-30T03:52:18+00:00\",\"dateModified\":\"2023-01-13T18:41:36+00:00\",\"description\":\"Nous sommes fiers de nos \u00e9l\u00e8ves; vous pouvez lire quelques commentaires sur leur apprentissage de l'espagnol avec notre \u00e9cole.\",\"breadcrumb\":{\"@id\":\"https:\/\/www.espagnolporfavor.com\/temoignages\/#breadcrumb\"},\"inLanguage\":\"es\",\"potentialAction\":[{\"@type\":\"ReadAction\",\"target\":[\"https:\/\/www.espagnolporfavor.com\/temoignages\/\"]}]},{\"@type\":\"ImageObject\",\"inLanguage\":\"es\",\"@id\":\"https:\/\/www.espagnolporfavor.com\/temoignages\/#primaryimage\",\"url\":\"https:\/\/www.espagnolporfavor.com\/wp-content\/uploads\/2019\/08\/P1010228-1024x768.jpg\",\"contentUrl\":\"https:\/\/www.espagnolporfavor.com\/wp-content\/uploads\/2019\/08\/P1010228-1024x768.jpg\"},{\"@type\":\"BreadcrumbList\",\"@id\":\"https:\/\/www.espagnolporfavor.com\/temoignages\/#breadcrumb\",\"itemListElement\":[{\"@type\":\"ListItem\",\"position\":1,\"name\":\"Home\",\"item\":\"https:\/\/www.espagnolporfavor.com\/\"},{\"@type\":\"ListItem\",\"position\":2,\"name\":\"T\u00e9moignages\"}]},{\"@type\":\"WebSite\",\"@id\":\"https:\/\/www.espagnolporfavor.com\/#website\",\"url\":\"https:\/\/www.espagnolporfavor.com\/\",\"name\":\"Espagnol Por Favor\",\"description\":\"Cours d&#039;espagnol Montr\u00e9al\",\"publisher\":{\"@id\":\"https:\/\/www.espagnolporfavor.com\/#organization\"},\"potentialAction\":[{\"@type\":\"SearchAction\",\"target\":{\"@type\":\"EntryPoint\",\"urlTemplate\":\"https:\/\/www.espagnolporfavor.com\/?s={search_term_string}\"},\"query-input\":{\"@type\":\"PropertyValueSpecification\",\"valueRequired\":true,\"valueName\":\"search_term_string\"}}],\"inLanguage\":\"es\"},{\"@type\":\"Organization\",\"@id\":\"https:\/\/www.espagnolporfavor.com\/#organization\",\"name\":\"Cours d'espagnol Por Favor\",\"url\":\"https:\/\/www.espagnolporfavor.com\/\",\"logo\":{\"@type\":\"ImageObject\",\"inLanguage\":\"es\",\"@id\":\"https:\/\/www.espagnolporfavor.com\/#\/schema\/logo\/image\/\",\"url\":\"https:\/\/www.espagnolporfavor.com\/wp-content\/uploads\/2023\/01\/logo-Cours-despagnol-por-favor-10x50-con-logo-amarillo-delante-300-ppi-scaled.jpg\",\"contentUrl\":\"https:\/\/www.espagnolporfavor.com\/wp-content\/uploads\/2023\/01\/logo-Cours-despagnol-por-favor-10x50-con-logo-amarillo-delante-300-ppi-scaled.jpg\",\"width\":2560,\"height\":512,\"caption\":\"Cours d'espagnol Por Favor\"},\"image\":{\"@id\":\"https:\/\/www.espagnolporfavor.com\/#\/schema\/logo\/image\/\"},\"sameAs\":[\"https:\/\/www.facebook.com\/espagnolporfavor\/\"]},{\"@type\":\"Person\",\"@id\":\"https:\/\/www.espagnolporfavor.com\/#\/schema\/person\/b3486cc0d57ac5e33a17031dbd527dda\",\"name\":\"Espagnol Por Favor\",\"image\":{\"@type\":\"ImageObject\",\"inLanguage\":\"es\",\"@id\":\"https:\/\/secure.gravatar.com\/avatar\/e78812ee68b7f9f91d574f16b55b8194030e2667bfa2adc9b219537ec6d870aa?s=96&d=mm&r=g\",\"url\":\"https:\/\/secure.gravatar.com\/avatar\/e78812ee68b7f9f91d574f16b55b8194030e2667bfa2adc9b219537ec6d870aa?s=96&d=mm&r=g\",\"contentUrl\":\"https:\/\/secure.gravatar.com\/avatar\/e78812ee68b7f9f91d574f16b55b8194030e2667bfa2adc9b219537ec6d870aa?s=96&d=mm&r=g\",\"caption\":\"Espagnol Por Favor\"},\"url\":\"https:\/\/www.espagnolporfavor.com\/es\/author\/frdorzhotmail-com\/\"}]}<\/script>\n<!-- \/ Yoast SEO plugin. -->","yoast_head_json":{"title":"[:fr]T\u00e9moignages[:es]Comentarios[:] - Espagnol Por Favor","description":"Nous sommes fiers de nos \u00e9l\u00e8ves; vous pouvez lire quelques commentaires sur leur apprentissage de l'espagnol avec notre \u00e9cole.","robots":{"index":"index","follow":"follow","max-snippet":"max-snippet:-1","max-image-preview":"max-image-preview:large","max-video-preview":"max-video-preview:-1"},"canonical":"https:\/\/www.espagnolporfavor.com\/temoignages\/","og_locale":"es_ES","og_type":"article","og_title":"[:fr]T\u00e9moignages[:es]Comentarios[:] - Espagnol Por Favor","og_description":"Nous sommes fiers de nos \u00e9l\u00e8ves; vous pouvez lire quelques commentaires sur leur apprentissage de l'espagnol avec notre \u00e9cole.","og_url":"https:\/\/www.espagnolporfavor.com\/temoignages\/","og_site_name":"Espagnol Por Favor","article_publisher":"https:\/\/www.facebook.com\/espagnolporfavor\/","article_modified_time":"2023-01-13T18:41:36+00:00","og_image":[{"url":"https:\/\/www.espagnolporfavor.com\/wp-content\/uploads\/2019\/08\/P1010228-1024x768.jpg","type":"","width":"","height":""}],"twitter_card":"summary_large_image","twitter_misc":{"Tiempo de lectura":"10 minutos"},"schema":{"@context":"https:\/\/schema.org","@graph":[{"@type":["Article","Report"],"@id":"https:\/\/www.espagnolporfavor.com\/temoignages\/#article","isPartOf":{"@id":"https:\/\/www.espagnolporfavor.com\/temoignages\/"},"author":{"name":"Espagnol Por Favor","@id":"https:\/\/www.espagnolporfavor.com\/#\/schema\/person\/b3486cc0d57ac5e33a17031dbd527dda"},"headline":"Comentarios","datePublished":"2016-01-30T03:52:18+00:00","dateModified":"2023-01-13T18:41:36+00:00","mainEntityOfPage":{"@id":"https:\/\/www.espagnolporfavor.com\/temoignages\/"},"wordCount":1848,"publisher":{"@id":"https:\/\/www.espagnolporfavor.com\/#organization"},"image":{"@id":"https:\/\/www.espagnolporfavor.com\/temoignages\/#primaryimage"},"thumbnailUrl":"https:\/\/www.espagnolporfavor.com\/wp-content\/uploads\/2019\/08\/P1010228-1024x768.jpg","inLanguage":"es"},{"@type":["WebPage","ItemPage"],"@id":"https:\/\/www.espagnolporfavor.com\/temoignages\/","url":"https:\/\/www.espagnolporfavor.com\/temoignages\/","name":"[:fr]T\u00e9moignages[:es]Comentarios[:] - Espagnol Por Favor","isPartOf":{"@id":"https:\/\/www.espagnolporfavor.com\/#website"},"primaryImageOfPage":{"@id":"https:\/\/www.espagnolporfavor.com\/temoignages\/#primaryimage"},"image":{"@id":"https:\/\/www.espagnolporfavor.com\/temoignages\/#primaryimage"},"thumbnailUrl":"https:\/\/www.espagnolporfavor.com\/wp-content\/uploads\/2019\/08\/P1010228-1024x768.jpg","datePublished":"2016-01-30T03:52:18+00:00","dateModified":"2023-01-13T18:41:36+00:00","description":"Nous sommes fiers de nos \u00e9l\u00e8ves; vous pouvez lire quelques commentaires sur leur apprentissage de l'espagnol avec notre \u00e9cole.","breadcrumb":{"@id":"https:\/\/www.espagnolporfavor.com\/temoignages\/#breadcrumb"},"inLanguage":"es","potentialAction":[{"@type":"ReadAction","target":["https:\/\/www.espagnolporfavor.com\/temoignages\/"]}]},{"@type":"ImageObject","inLanguage":"es","@id":"https:\/\/www.espagnolporfavor.com\/temoignages\/#primaryimage","url":"https:\/\/www.espagnolporfavor.com\/wp-content\/uploads\/2019\/08\/P1010228-1024x768.jpg","contentUrl":"https:\/\/www.espagnolporfavor.com\/wp-content\/uploads\/2019\/08\/P1010228-1024x768.jpg"},{"@type":"BreadcrumbList","@id":"https:\/\/www.espagnolporfavor.com\/temoignages\/#breadcrumb","itemListElement":[{"@type":"ListItem","position":1,"name":"Home","item":"https:\/\/www.espagnolporfavor.com\/"},{"@type":"ListItem","position":2,"name":"T\u00e9moignages"}]},{"@type":"WebSite","@id":"https:\/\/www.espagnolporfavor.com\/#website","url":"https:\/\/www.espagnolporfavor.com\/","name":"Espagnol Por Favor","description":"Cours d&#039;espagnol Montr\u00e9al","publisher":{"@id":"https:\/\/www.espagnolporfavor.com\/#organization"},"potentialAction":[{"@type":"SearchAction","target":{"@type":"EntryPoint","urlTemplate":"https:\/\/www.espagnolporfavor.com\/?s={search_term_string}"},"query-input":{"@type":"PropertyValueSpecification","valueRequired":true,"valueName":"search_term_string"}}],"inLanguage":"es"},{"@type":"Organization","@id":"https:\/\/www.espagnolporfavor.com\/#organization","name":"Cours d'espagnol Por Favor","url":"https:\/\/www.espagnolporfavor.com\/","logo":{"@type":"ImageObject","inLanguage":"es","@id":"https:\/\/www.espagnolporfavor.com\/#\/schema\/logo\/image\/","url":"https:\/\/www.espagnolporfavor.com\/wp-content\/uploads\/2023\/01\/logo-Cours-despagnol-por-favor-10x50-con-logo-amarillo-delante-300-ppi-scaled.jpg","contentUrl":"https:\/\/www.espagnolporfavor.com\/wp-content\/uploads\/2023\/01\/logo-Cours-despagnol-por-favor-10x50-con-logo-amarillo-delante-300-ppi-scaled.jpg","width":2560,"height":512,"caption":"Cours d'espagnol Por Favor"},"image":{"@id":"https:\/\/www.espagnolporfavor.com\/#\/schema\/logo\/image\/"},"sameAs":["https:\/\/www.facebook.com\/espagnolporfavor\/"]},{"@type":"Person","@id":"https:\/\/www.espagnolporfavor.com\/#\/schema\/person\/b3486cc0d57ac5e33a17031dbd527dda","name":"Espagnol Por Favor","image":{"@type":"ImageObject","inLanguage":"es","@id":"https:\/\/secure.gravatar.com\/avatar\/e78812ee68b7f9f91d574f16b55b8194030e2667bfa2adc9b219537ec6d870aa?s=96&d=mm&r=g","url":"https:\/\/secure.gravatar.com\/avatar\/e78812ee68b7f9f91d574f16b55b8194030e2667bfa2adc9b219537ec6d870aa?s=96&d=mm&r=g","contentUrl":"https:\/\/secure.gravatar.com\/avatar\/e78812ee68b7f9f91d574f16b55b8194030e2667bfa2adc9b219537ec6d870aa?s=96&d=mm&r=g","caption":"Espagnol Por Favor"},"url":"https:\/\/www.espagnolporfavor.com\/es\/author\/frdorzhotmail-com\/"}]}},"_links":{"self":[{"href":"https:\/\/www.espagnolporfavor.com\/es\/wp-json\/wp\/v2\/pages\/212","targetHints":{"allow":["GET"]}}],"collection":[{"href":"https:\/\/www.espagnolporfavor.com\/es\/wp-json\/wp\/v2\/pages"}],"about":[{"href":"https:\/\/www.espagnolporfavor.com\/es\/wp-json\/wp\/v2\/types\/page"}],"author":[{"embeddable":true,"href":"https:\/\/www.espagnolporfavor.com\/es\/wp-json\/wp\/v2\/users\/1"}],"replies":[{"embeddable":true,"href":"https:\/\/www.espagnolporfavor.com\/es\/wp-json\/wp\/v2\/comments?post=212"}],"version-history":[{"count":13,"href":"https:\/\/www.espagnolporfavor.com\/es\/wp-json\/wp\/v2\/pages\/212\/revisions"}],"predecessor-version":[{"id":7154,"href":"https:\/\/www.espagnolporfavor.com\/es\/wp-json\/wp\/v2\/pages\/212\/revisions\/7154"}],"wp:attachment":[{"href":"https:\/\/www.espagnolporfavor.com\/es\/wp-json\/wp\/v2\/media?parent=212"}],"curies":[{"name":"wp","href":"https:\/\/api.w.org\/{rel}","templated":true}]}}