{"id":22,"date":"2014-12-15T19:03:31","date_gmt":"2014-12-15T19:03:31","guid":{"rendered":"https:\/\/www.espagnolporfavor.com\/blog\/?page_id=22"},"modified":"2023-01-13T14:53:38","modified_gmt":"2023-01-13T19:53:38","slug":"pourquoi-apprendre-espagnol","status":"publish","type":"page","link":"https:\/\/www.espagnolporfavor.com\/es\/pourquoi-apprendre-espagnol\/","title":{"rendered":"Motivaci\u00f3n"},"content":{"rendered":"<style type=\"text\/css\"><\/style><p><strong><a href=\"https:\/\/www.espagnolporfavor.com\/wp-content\/uploads\/2019\/08\/P1020817.jpg\"><img loading=\"lazy\" decoding=\"async\" class=\"wp-image-6738 size-large aligncenter\" src=\"https:\/\/www.espagnolporfavor.com\/wp-content\/uploads\/2019\/08\/P1020817-1024x768.jpg\" alt=\"\" width=\"1024\" height=\"768\" srcset=\"https:\/\/www.espagnolporfavor.com\/wp-content\/uploads\/2019\/08\/P1020817-1024x768.jpg 1024w, https:\/\/www.espagnolporfavor.com\/wp-content\/uploads\/2019\/08\/P1020817-300x225.jpg 300w, https:\/\/www.espagnolporfavor.com\/wp-content\/uploads\/2019\/08\/P1020817-768x576.jpg 768w, https:\/\/www.espagnolporfavor.com\/wp-content\/uploads\/2019\/08\/P1020817-580x435.jpg 580w, https:\/\/www.espagnolporfavor.com\/wp-content\/uploads\/2019\/08\/P1020817-860x645.jpg 860w, https:\/\/www.espagnolporfavor.com\/wp-content\/uploads\/2019\/08\/P1020817-1160x870.jpg 1160w\" sizes=\"auto, (max-width: 1024px) 100vw, 1024px\" \/><\/a><\/strong><\/p>\n<p><strong>QUI\u00c9NES SOMOS:<\/strong> Somos un grupo de profesores de espa\u00f1ol experimentados en todos los niveles de la ense\u00f1anza: primaria, secundaria y adultos. Tenemos formaci\u00f3n universitaria y hemos trabajado adem\u00e1s en la empresa privada, lo cual proporciona un aprendizaje m\u00e1s global del idioma. Y somos nativos de Espa\u00f1a y Sudam\u00e9rica, donde hemos vivido la mayor\u00eda del tiempo.<\/p>\n<p><strong>POR QU\u00c9:<\/strong> Nos gusta ense\u00f1ar espa\u00f1ol, sobre todo a adultos. Los adultos tienen la motivaci\u00f3n, disciplina y responsabilidad necesarias para aprender f\u00e1cilmente y a buen ritmo.<\/p>\n<p><strong>EL QU\u00c9:<\/strong> Aprender espa\u00f1ol de una manera agradable, profesional y din\u00e1mica. Las clases son amenas, \u00fatiles y divertidas. \u00c9se es el objetivo.<\/p>\n<p><strong>C\u00d3MO:<\/strong> El aprendizaje es sobre todo oral. Aplicamos varias t\u00e9cnicas recogidas de nuestra experiencia y las adaptamos a los alumnos . La gram\u00e1tica va unida a las necesidades comunicativas, y se profundiza en ella conforme avanza el alumno. Y en un entorno agradable y estimulante.<\/p>\n<p><strong>FUNCIONA:<\/strong> Claro que s\u00ed. Tenemos muchos alumnos que pueden dar fe. Aprenden espa\u00f1ol, cultura, geograf\u00eda y descubren todo un mundo que se les ofrece con el idioma.<\/p>\n<p><strong>QU\u00c9 HAY DE NUEVO:<\/strong> La ense\u00f1anza del espa\u00f1ol adaptada a la empresa, a los ejecutivos y a los adultos por profesores nativos de Espa\u00f1a y Sudam\u00e9rica y con experiencia en el mundo empresarial.<\/p>\n<p>Las empresas y ejecutivos tienen unas necesidades de aprendizaje por razones comerciales y estrat\u00e9gicas: necesitan el idioma a corto plazo y tienen poca disponibilidad de tiempo. Nos adaptamos a sus necesidades.<\/p>\n<p>Respecto a los adultos, tambi\u00e9n les damos lo que necesitan: motivaci\u00f3n y razones para aprender espa\u00f1ol: la cultura, la gastronom\u00eda, la historia y la geograf\u00eda cautivan a los alumnos.<\/p>\n<p><strong>PODEMOS AYUDARTE:<\/strong> No importa cu\u00e1l sea tu nivel o la raz\u00f3n para aprender espa\u00f1ol, podemos ayudarte si lo deseas.<\/p>","protected":false},"excerpt":{"rendered":"<p>QUI\u00c9NES SOMOS: Somos un grupo de profesores de espa\u00f1ol experimentados en todos los niveles de la ense\u00f1anza: primaria, secundaria y adultos. Tenemos formaci\u00f3n universitaria y hemos trabajado adem\u00e1s en la&#8230;<\/p>\n","protected":false},"author":1,"featured_media":23,"parent":0,"menu_order":3,"comment_status":"closed","ping_status":"closed","template":"","meta":{"footnotes":""},"class_list":["post-22","page","type-page","status-publish","has-post-thumbnail","hentry"],"yoast_head":"<!-- This site is optimized with the Yoast SEO plugin v27.2 - https:\/\/yoast.com\/product\/yoast-seo-wordpress\/ -->\n<title>Apprentissage de l&#039;espagnol \u00e0 travers la motivation de nos \u00e9l\u00e8ves<\/title>\n<meta name=\"description\" content=\"La motivation est la cl\u00e9 pour apprendre l&#039;espagnol: la culture, la g\u00e9ographie, la gastronomie et les voyages sont quelques bonnes raisons\" \/>\n<meta name=\"robots\" content=\"index, follow, max-snippet:-1, max-image-preview:large, max-video-preview:-1\" \/>\n<link rel=\"canonical\" href=\"https:\/\/www.espagnolporfavor.com\/pourquoi-apprendre-espagnol\/\" \/>\n<meta property=\"og:locale\" content=\"es_ES\" \/>\n<meta property=\"og:type\" content=\"article\" \/>\n<meta property=\"og:title\" content=\"Apprentissage de l&#039;espagnol \u00e0 travers la motivation de nos \u00e9l\u00e8ves\" \/>\n<meta property=\"og:description\" content=\"La motivation est la cl\u00e9 pour apprendre l&#039;espagnol: la culture, la g\u00e9ographie, la gastronomie et les voyages sont quelques bonnes raisons\" \/>\n<meta property=\"og:url\" content=\"https:\/\/www.espagnolporfavor.com\/pourquoi-apprendre-espagnol\/\" \/>\n<meta property=\"og:site_name\" content=\"Espagnol Por Favor\" \/>\n<meta property=\"article:publisher\" content=\"https:\/\/www.facebook.com\/espagnolporfavor\/\" \/>\n<meta property=\"article:modified_time\" content=\"2023-01-13T19:53:38+00:00\" \/>\n<meta property=\"og:image\" content=\"https:\/\/www.espagnolporfavor.com\/wp-content\/uploads\/2014\/12\/description.jpg\" \/>\n\t<meta property=\"og:image:width\" content=\"199\" \/>\n\t<meta property=\"og:image:height\" content=\"499\" \/>\n\t<meta property=\"og:image:type\" content=\"image\/jpeg\" \/>\n<meta name=\"twitter:card\" content=\"summary_large_image\" \/>\n<meta name=\"twitter:label1\" content=\"Tiempo de lectura\" \/>\n\t<meta name=\"twitter:data1\" content=\"6 minutos\" \/>\n<script type=\"application\/ld+json\" class=\"yoast-schema-graph\">{\"@context\":\"https:\/\/schema.org\",\"@graph\":[{\"@type\":[\"WebPage\",\"AboutPage\"],\"@id\":\"https:\/\/www.espagnolporfavor.com\/pourquoi-apprendre-espagnol\/\",\"url\":\"https:\/\/www.espagnolporfavor.com\/pourquoi-apprendre-espagnol\/\",\"name\":\"Apprentissage de l'espagnol \u00e0 travers la motivation de nos \u00e9l\u00e8ves\",\"isPartOf\":{\"@id\":\"https:\/\/www.espagnolporfavor.com\/#website\"},\"primaryImageOfPage\":{\"@id\":\"https:\/\/www.espagnolporfavor.com\/pourquoi-apprendre-espagnol\/#primaryimage\"},\"image\":{\"@id\":\"https:\/\/www.espagnolporfavor.com\/pourquoi-apprendre-espagnol\/#primaryimage\"},\"thumbnailUrl\":\"https:\/\/www.espagnolporfavor.com\/wp-content\/uploads\/2014\/12\/description.jpg\",\"datePublished\":\"2014-12-15T19:03:31+00:00\",\"dateModified\":\"2023-01-13T19:53:38+00:00\",\"description\":\"La motivation est la cl\u00e9 pour apprendre l'espagnol: la culture, la g\u00e9ographie, la gastronomie et les voyages sont quelques bonnes raisons\",\"breadcrumb\":{\"@id\":\"https:\/\/www.espagnolporfavor.com\/pourquoi-apprendre-espagnol\/#breadcrumb\"},\"inLanguage\":\"es\",\"potentialAction\":[{\"@type\":\"ReadAction\",\"target\":[\"https:\/\/www.espagnolporfavor.com\/pourquoi-apprendre-espagnol\/\"]}]},{\"@type\":\"ImageObject\",\"inLanguage\":\"es\",\"@id\":\"https:\/\/www.espagnolporfavor.com\/pourquoi-apprendre-espagnol\/#primaryimage\",\"url\":\"https:\/\/www.espagnolporfavor.com\/wp-content\/uploads\/2014\/12\/description.jpg\",\"contentUrl\":\"https:\/\/www.espagnolporfavor.com\/wp-content\/uploads\/2014\/12\/description.jpg\",\"width\":199,\"height\":499},{\"@type\":\"BreadcrumbList\",\"@id\":\"https:\/\/www.espagnolporfavor.com\/pourquoi-apprendre-espagnol\/#breadcrumb\",\"itemListElement\":[{\"@type\":\"ListItem\",\"position\":1,\"name\":\"Home\",\"item\":\"https:\/\/www.espagnolporfavor.com\/\"},{\"@type\":\"ListItem\",\"position\":2,\"name\":\"Motivation\"}]},{\"@type\":\"WebSite\",\"@id\":\"https:\/\/www.espagnolporfavor.com\/#website\",\"url\":\"https:\/\/www.espagnolporfavor.com\/\",\"name\":\"Espagnol Por Favor\",\"description\":\"Cours d&#039;espagnol Montr\u00e9al\",\"publisher\":{\"@id\":\"https:\/\/www.espagnolporfavor.com\/#organization\"},\"potentialAction\":[{\"@type\":\"SearchAction\",\"target\":{\"@type\":\"EntryPoint\",\"urlTemplate\":\"https:\/\/www.espagnolporfavor.com\/?s={search_term_string}\"},\"query-input\":{\"@type\":\"PropertyValueSpecification\",\"valueRequired\":true,\"valueName\":\"search_term_string\"}}],\"inLanguage\":\"es\"},{\"@type\":\"Organization\",\"@id\":\"https:\/\/www.espagnolporfavor.com\/#organization\",\"name\":\"Cours d'espagnol Por Favor\",\"url\":\"https:\/\/www.espagnolporfavor.com\/\",\"logo\":{\"@type\":\"ImageObject\",\"inLanguage\":\"es\",\"@id\":\"https:\/\/www.espagnolporfavor.com\/#\/schema\/logo\/image\/\",\"url\":\"https:\/\/www.espagnolporfavor.com\/wp-content\/uploads\/2023\/01\/logo-Cours-despagnol-por-favor-10x50-con-logo-amarillo-delante-300-ppi-scaled.jpg\",\"contentUrl\":\"https:\/\/www.espagnolporfavor.com\/wp-content\/uploads\/2023\/01\/logo-Cours-despagnol-por-favor-10x50-con-logo-amarillo-delante-300-ppi-scaled.jpg\",\"width\":2560,\"height\":512,\"caption\":\"Cours d'espagnol Por Favor\"},\"image\":{\"@id\":\"https:\/\/www.espagnolporfavor.com\/#\/schema\/logo\/image\/\"},\"sameAs\":[\"https:\/\/www.facebook.com\/espagnolporfavor\/\"]}]}<\/script>\n<!-- \/ Yoast SEO plugin. -->","yoast_head_json":{"title":"Apprentissage de l'espagnol \u00e0 travers la motivation de nos \u00e9l\u00e8ves","description":"La motivation est la cl\u00e9 pour apprendre l'espagnol: la culture, la g\u00e9ographie, la gastronomie et les voyages sont quelques bonnes raisons","robots":{"index":"index","follow":"follow","max-snippet":"max-snippet:-1","max-image-preview":"max-image-preview:large","max-video-preview":"max-video-preview:-1"},"canonical":"https:\/\/www.espagnolporfavor.com\/pourquoi-apprendre-espagnol\/","og_locale":"es_ES","og_type":"article","og_title":"Apprentissage de l'espagnol \u00e0 travers la motivation de nos \u00e9l\u00e8ves","og_description":"La motivation est la cl\u00e9 pour apprendre l'espagnol: la culture, la g\u00e9ographie, la gastronomie et les voyages sont quelques bonnes raisons","og_url":"https:\/\/www.espagnolporfavor.com\/pourquoi-apprendre-espagnol\/","og_site_name":"Espagnol Por Favor","article_publisher":"https:\/\/www.facebook.com\/espagnolporfavor\/","article_modified_time":"2023-01-13T19:53:38+00:00","og_image":[{"width":199,"height":499,"url":"https:\/\/www.espagnolporfavor.com\/wp-content\/uploads\/2014\/12\/description.jpg","type":"image\/jpeg"}],"twitter_card":"summary_large_image","twitter_misc":{"Tiempo de lectura":"6 minutos"},"schema":{"@context":"https:\/\/schema.org","@graph":[{"@type":["WebPage","AboutPage"],"@id":"https:\/\/www.espagnolporfavor.com\/pourquoi-apprendre-espagnol\/","url":"https:\/\/www.espagnolporfavor.com\/pourquoi-apprendre-espagnol\/","name":"Apprentissage de l'espagnol \u00e0 travers la motivation de nos \u00e9l\u00e8ves","isPartOf":{"@id":"https:\/\/www.espagnolporfavor.com\/#website"},"primaryImageOfPage":{"@id":"https:\/\/www.espagnolporfavor.com\/pourquoi-apprendre-espagnol\/#primaryimage"},"image":{"@id":"https:\/\/www.espagnolporfavor.com\/pourquoi-apprendre-espagnol\/#primaryimage"},"thumbnailUrl":"https:\/\/www.espagnolporfavor.com\/wp-content\/uploads\/2014\/12\/description.jpg","datePublished":"2014-12-15T19:03:31+00:00","dateModified":"2023-01-13T19:53:38+00:00","description":"La motivation est la cl\u00e9 pour apprendre l'espagnol: la culture, la g\u00e9ographie, la gastronomie et les voyages sont quelques bonnes raisons","breadcrumb":{"@id":"https:\/\/www.espagnolporfavor.com\/pourquoi-apprendre-espagnol\/#breadcrumb"},"inLanguage":"es","potentialAction":[{"@type":"ReadAction","target":["https:\/\/www.espagnolporfavor.com\/pourquoi-apprendre-espagnol\/"]}]},{"@type":"ImageObject","inLanguage":"es","@id":"https:\/\/www.espagnolporfavor.com\/pourquoi-apprendre-espagnol\/#primaryimage","url":"https:\/\/www.espagnolporfavor.com\/wp-content\/uploads\/2014\/12\/description.jpg","contentUrl":"https:\/\/www.espagnolporfavor.com\/wp-content\/uploads\/2014\/12\/description.jpg","width":199,"height":499},{"@type":"BreadcrumbList","@id":"https:\/\/www.espagnolporfavor.com\/pourquoi-apprendre-espagnol\/#breadcrumb","itemListElement":[{"@type":"ListItem","position":1,"name":"Home","item":"https:\/\/www.espagnolporfavor.com\/"},{"@type":"ListItem","position":2,"name":"Motivation"}]},{"@type":"WebSite","@id":"https:\/\/www.espagnolporfavor.com\/#website","url":"https:\/\/www.espagnolporfavor.com\/","name":"Espagnol Por Favor","description":"Cours d&#039;espagnol Montr\u00e9al","publisher":{"@id":"https:\/\/www.espagnolporfavor.com\/#organization"},"potentialAction":[{"@type":"SearchAction","target":{"@type":"EntryPoint","urlTemplate":"https:\/\/www.espagnolporfavor.com\/?s={search_term_string}"},"query-input":{"@type":"PropertyValueSpecification","valueRequired":true,"valueName":"search_term_string"}}],"inLanguage":"es"},{"@type":"Organization","@id":"https:\/\/www.espagnolporfavor.com\/#organization","name":"Cours d'espagnol Por Favor","url":"https:\/\/www.espagnolporfavor.com\/","logo":{"@type":"ImageObject","inLanguage":"es","@id":"https:\/\/www.espagnolporfavor.com\/#\/schema\/logo\/image\/","url":"https:\/\/www.espagnolporfavor.com\/wp-content\/uploads\/2023\/01\/logo-Cours-despagnol-por-favor-10x50-con-logo-amarillo-delante-300-ppi-scaled.jpg","contentUrl":"https:\/\/www.espagnolporfavor.com\/wp-content\/uploads\/2023\/01\/logo-Cours-despagnol-por-favor-10x50-con-logo-amarillo-delante-300-ppi-scaled.jpg","width":2560,"height":512,"caption":"Cours d'espagnol Por Favor"},"image":{"@id":"https:\/\/www.espagnolporfavor.com\/#\/schema\/logo\/image\/"},"sameAs":["https:\/\/www.facebook.com\/espagnolporfavor\/"]}]}},"_links":{"self":[{"href":"https:\/\/www.espagnolporfavor.com\/es\/wp-json\/wp\/v2\/pages\/22","targetHints":{"allow":["GET"]}}],"collection":[{"href":"https:\/\/www.espagnolporfavor.com\/es\/wp-json\/wp\/v2\/pages"}],"about":[{"href":"https:\/\/www.espagnolporfavor.com\/es\/wp-json\/wp\/v2\/types\/page"}],"author":[{"embeddable":true,"href":"https:\/\/www.espagnolporfavor.com\/es\/wp-json\/wp\/v2\/users\/1"}],"replies":[{"embeddable":true,"href":"https:\/\/www.espagnolporfavor.com\/es\/wp-json\/wp\/v2\/comments?post=22"}],"version-history":[{"count":11,"href":"https:\/\/www.espagnolporfavor.com\/es\/wp-json\/wp\/v2\/pages\/22\/revisions"}],"predecessor-version":[{"id":7155,"href":"https:\/\/www.espagnolporfavor.com\/es\/wp-json\/wp\/v2\/pages\/22\/revisions\/7155"}],"wp:featuredmedia":[{"embeddable":true,"href":"https:\/\/www.espagnolporfavor.com\/es\/wp-json\/wp\/v2\/media\/23"}],"wp:attachment":[{"href":"https:\/\/www.espagnolporfavor.com\/es\/wp-json\/wp\/v2\/media?parent=22"}],"curies":[{"name":"wp","href":"https:\/\/api.w.org\/{rel}","templated":true}]}}