{"id":37,"date":"2014-12-17T19:35:26","date_gmt":"2014-12-17T19:35:26","guid":{"rendered":"https:\/\/www.espagnolporfavor.com\/blog\/?page_id=37"},"modified":"2023-01-13T15:10:08","modified_gmt":"2023-01-13T20:10:08","slug":"mission","status":"publish","type":"page","link":"https:\/\/www.espagnolporfavor.com\/es\/mission\/","title":{"rendered":"Misi\u00f3n"},"content":{"rendered":"<style type=\"text\/css\"><\/style><p><a href=\"https:\/\/www.espagnolporfavor.com\/wp-content\/uploads\/2019\/08\/IMG_3893.jpg\"><img loading=\"lazy\" decoding=\"async\" class=\"aligncenter wp-image-6740 size-large\" src=\"https:\/\/www.espagnolporfavor.com\/wp-content\/uploads\/2019\/08\/IMG_3893-1024x683.jpg\" alt=\"\" width=\"1024\" height=\"683\" srcset=\"https:\/\/www.espagnolporfavor.com\/wp-content\/uploads\/2019\/08\/IMG_3893-1024x683.jpg 1024w, https:\/\/www.espagnolporfavor.com\/wp-content\/uploads\/2019\/08\/IMG_3893-300x200.jpg 300w, https:\/\/www.espagnolporfavor.com\/wp-content\/uploads\/2019\/08\/IMG_3893-768x512.jpg 768w, https:\/\/www.espagnolporfavor.com\/wp-content\/uploads\/2019\/08\/IMG_3893-580x387.jpg 580w, https:\/\/www.espagnolporfavor.com\/wp-content\/uploads\/2019\/08\/IMG_3893-860x573.jpg 860w, https:\/\/www.espagnolporfavor.com\/wp-content\/uploads\/2019\/08\/IMG_3893-1160x773.jpg 1160w\" sizes=\"auto, (max-width: 1024px) 100vw, 1024px\" \/><\/a><br \/>\nAYUDAR a todos los adultos de Montreal que deseen aprender el idioma espa\u00f1ol -cualquiera que sea su nivel- de manera eficaz y amable, en grupos reducidos y favoreciendo la comunicaci\u00f3n y la motivaci\u00f3n de los alumnos.<\/p>\n<p>La misi\u00f3n de promover el idioma espa\u00f1ol nos ha motivado a ofrecer cursos para adultos, ejecutivos y empresas interesados. El espa\u00f1ol en la actualidad es hablado por m\u00e1s de 500 millones de personas en el mundo y Canad\u00e1 ocupa un lugar estrat\u00e9gico por su accesibilidad al mercado de Am\u00e9rica latina.<\/p>\n<p>Respecto a la clientela adulta, hay un inter\u00e9s creciente por parte de un sector de la poblaci\u00f3n de poder adquisitivo medio alto en aprender el idioma: los viajes, las relaciones de amistad o profesionales y el hecho de que el espa\u00f1ol sea la tercera lengua por n\u00famero de hablantes en Montreal ayudan en este sentido.<\/p>\n<p>La profesionalidad y calidad docente ser\u00e1n criterios a seguir para alcanzar los resultados previstos. Tambi\u00e9n la relaci\u00f3n personal con los alumnos.<\/p>\n<p>La ense\u00f1anza da pie a numerosas situaciones en las que los alumnos y el profesor expresan sus opiniones sobre la vida y los acontecimientos que nos rodean. \u00c9sto genera una relaci\u00f3n y un ambiente de confianza en la clase que favorecen el aprendizaje y facilita las relaciones humanas. Al final, somos personas. Los profesores promueven por su manera de ser la motivaci\u00f3n hacia el espa\u00f1ol y la comunicaci\u00f3n como seres humanos.<\/p>\n<h2>Horarios<\/h2>\n<h2>Adultos<\/h2>\n<p>Lunes: 16:45 h y 18h30<\/p>\n<p>Martes: 16:45 y 18h30 h<\/p>\n<p>Mi\u00e9rcoles: 16:45 y 18:30 h<\/p>\n<p>Jueves: 16h45 y 18h30<\/p>\n<p>Viernes: 12 h<\/p>\n<h2>Localizaci\u00f3n de las clases de adultos<\/h2>\n<p>2075 Boulevard St-Laurent (Librer\u00eda las Am\u00e9ricas).<\/p>\n<h3>Empresas y ejecutivos<\/h3>\n<p>Desde las 8 de la ma\u00f1ana a las 16 h, a convenir de lunes a viernes.<\/p>\n<p>APPELLEZ-NOUS au 514 560 2524 ou CONTACTEZ-NOUS info@espagnolporfavor.com. GRACIAS.<\/p>","protected":false},"excerpt":{"rendered":"<p>AYUDAR a todos los adultos de Montreal que deseen aprender el idioma espa\u00f1ol -cualquiera que sea su nivel- de manera eficaz y amable, en grupos reducidos y favoreciendo la comunicaci\u00f3n&#8230;<\/p>\n","protected":false},"author":1,"featured_media":38,"parent":0,"menu_order":4,"comment_status":"closed","ping_status":"closed","template":"","meta":{"footnotes":""},"class_list":["post-37","page","type-page","status-publish","has-post-thumbnail","hentry"],"yoast_head":"<!-- This site is optimized with the Yoast SEO plugin v27.2 - https:\/\/yoast.com\/product\/yoast-seo-wordpress\/ -->\n<title>Misi\u00f3n - Espagnol Por Favor<\/title>\n<meta name=\"description\" content=\"AIDER \u00e0 tous les adultes de Montr\u00e9al qui veulent apprendre la langue espagnole -n&#039;importe son niveau de connaissances- de mani\u00e8re efficace et amicale, en groupes r\u00e9duits en favorisant la communication et la motivation des \u00e9l\u00e8ves.\" \/>\n<meta name=\"robots\" content=\"index, follow, max-snippet:-1, max-image-preview:large, max-video-preview:-1\" \/>\n<link rel=\"canonical\" href=\"https:\/\/www.espagnolporfavor.com\/mission\/\" \/>\n<meta property=\"og:locale\" content=\"es_ES\" \/>\n<meta property=\"og:type\" content=\"article\" \/>\n<meta property=\"og:title\" content=\"[:fr]Mission[:es]Misi\u00f3n[:] - Espagnol Por Favor\" \/>\n<meta property=\"og:description\" content=\"AIDER \u00e0 tous les adultes de Montr\u00e9al qui veulent apprendre la langue espagnole -n&#039;importe son niveau de connaissances- de mani\u00e8re efficace et amicale, en groupes r\u00e9duits en favorisant la communication et la motivation des \u00e9l\u00e8ves.\" \/>\n<meta property=\"og:url\" content=\"https:\/\/www.espagnolporfavor.com\/mission\/\" \/>\n<meta property=\"og:site_name\" content=\"Espagnol Por Favor\" \/>\n<meta property=\"article:publisher\" content=\"https:\/\/www.facebook.com\/espagnolporfavor\/\" \/>\n<meta property=\"article:modified_time\" content=\"2023-01-13T20:10:08+00:00\" \/>\n<meta property=\"og:image\" content=\"https:\/\/www.espagnolporfavor.com\/wp-content\/uploads\/2014\/12\/img4.jpg\" \/>\n\t<meta property=\"og:image:width\" content=\"199\" \/>\n\t<meta property=\"og:image:height\" content=\"499\" \/>\n\t<meta property=\"og:image:type\" content=\"image\/jpeg\" \/>\n<meta name=\"twitter:card\" content=\"summary_large_image\" \/>\n<meta name=\"twitter:label1\" content=\"Tiempo de lectura\" \/>\n\t<meta name=\"twitter:data1\" content=\"4 minutos\" \/>\n<script type=\"application\/ld+json\" class=\"yoast-schema-graph\">{\"@context\":\"https:\/\/schema.org\",\"@graph\":[{\"@type\":\"WebPage\",\"@id\":\"https:\/\/www.espagnolporfavor.com\/mission\/\",\"url\":\"https:\/\/www.espagnolporfavor.com\/mission\/\",\"name\":\"[:fr]Mission[:es]Misi\u00f3n[:] - Espagnol Por Favor\",\"isPartOf\":{\"@id\":\"https:\/\/www.espagnolporfavor.com\/#website\"},\"primaryImageOfPage\":{\"@id\":\"https:\/\/www.espagnolporfavor.com\/mission\/#primaryimage\"},\"image\":{\"@id\":\"https:\/\/www.espagnolporfavor.com\/mission\/#primaryimage\"},\"thumbnailUrl\":\"https:\/\/www.espagnolporfavor.com\/wp-content\/uploads\/2014\/12\/img4.jpg\",\"datePublished\":\"2014-12-17T19:35:26+00:00\",\"dateModified\":\"2023-01-13T20:10:08+00:00\",\"description\":\"AIDER \u00e0 tous les adultes de Montr\u00e9al qui veulent apprendre la langue espagnole -n'importe son niveau de connaissances- de mani\u00e8re efficace et amicale, en groupes r\u00e9duits en favorisant la communication et la motivation des \u00e9l\u00e8ves.\",\"breadcrumb\":{\"@id\":\"https:\/\/www.espagnolporfavor.com\/mission\/#breadcrumb\"},\"inLanguage\":\"es\",\"potentialAction\":[{\"@type\":\"ReadAction\",\"target\":[\"https:\/\/www.espagnolporfavor.com\/mission\/\"]}]},{\"@type\":\"ImageObject\",\"inLanguage\":\"es\",\"@id\":\"https:\/\/www.espagnolporfavor.com\/mission\/#primaryimage\",\"url\":\"https:\/\/www.espagnolporfavor.com\/wp-content\/uploads\/2014\/12\/img4.jpg\",\"contentUrl\":\"https:\/\/www.espagnolporfavor.com\/wp-content\/uploads\/2014\/12\/img4.jpg\",\"width\":199,\"height\":499,\"caption\":\"Cours d'espagnol interm\u00e9diaire le 10 janvier 2017\"},{\"@type\":\"BreadcrumbList\",\"@id\":\"https:\/\/www.espagnolporfavor.com\/mission\/#breadcrumb\",\"itemListElement\":[{\"@type\":\"ListItem\",\"position\":1,\"name\":\"Home\",\"item\":\"https:\/\/www.espagnolporfavor.com\/\"},{\"@type\":\"ListItem\",\"position\":2,\"name\":\"Mission\"}]},{\"@type\":\"WebSite\",\"@id\":\"https:\/\/www.espagnolporfavor.com\/#website\",\"url\":\"https:\/\/www.espagnolporfavor.com\/\",\"name\":\"Espagnol Por Favor\",\"description\":\"Cours d&#039;espagnol Montr\u00e9al\",\"publisher\":{\"@id\":\"https:\/\/www.espagnolporfavor.com\/#organization\"},\"potentialAction\":[{\"@type\":\"SearchAction\",\"target\":{\"@type\":\"EntryPoint\",\"urlTemplate\":\"https:\/\/www.espagnolporfavor.com\/?s={search_term_string}\"},\"query-input\":{\"@type\":\"PropertyValueSpecification\",\"valueRequired\":true,\"valueName\":\"search_term_string\"}}],\"inLanguage\":\"es\"},{\"@type\":\"Organization\",\"@id\":\"https:\/\/www.espagnolporfavor.com\/#organization\",\"name\":\"Cours d'espagnol Por Favor\",\"url\":\"https:\/\/www.espagnolporfavor.com\/\",\"logo\":{\"@type\":\"ImageObject\",\"inLanguage\":\"es\",\"@id\":\"https:\/\/www.espagnolporfavor.com\/#\/schema\/logo\/image\/\",\"url\":\"https:\/\/www.espagnolporfavor.com\/wp-content\/uploads\/2023\/01\/logo-Cours-despagnol-por-favor-10x50-con-logo-amarillo-delante-300-ppi-scaled.jpg\",\"contentUrl\":\"https:\/\/www.espagnolporfavor.com\/wp-content\/uploads\/2023\/01\/logo-Cours-despagnol-por-favor-10x50-con-logo-amarillo-delante-300-ppi-scaled.jpg\",\"width\":2560,\"height\":512,\"caption\":\"Cours d'espagnol Por Favor\"},\"image\":{\"@id\":\"https:\/\/www.espagnolporfavor.com\/#\/schema\/logo\/image\/\"},\"sameAs\":[\"https:\/\/www.facebook.com\/espagnolporfavor\/\"]}]}<\/script>\n<!-- \/ Yoast SEO plugin. -->","yoast_head_json":{"title":"[:fr]Mission[:es]Misi\u00f3n[:] - Espagnol Por Favor","description":"AIDER \u00e0 tous les adultes de Montr\u00e9al qui veulent apprendre la langue espagnole -n'importe son niveau de connaissances- de mani\u00e8re efficace et amicale, en groupes r\u00e9duits en favorisant la communication et la motivation des \u00e9l\u00e8ves.","robots":{"index":"index","follow":"follow","max-snippet":"max-snippet:-1","max-image-preview":"max-image-preview:large","max-video-preview":"max-video-preview:-1"},"canonical":"https:\/\/www.espagnolporfavor.com\/mission\/","og_locale":"es_ES","og_type":"article","og_title":"[:fr]Mission[:es]Misi\u00f3n[:] - Espagnol Por Favor","og_description":"AIDER \u00e0 tous les adultes de Montr\u00e9al qui veulent apprendre la langue espagnole -n'importe son niveau de connaissances- de mani\u00e8re efficace et amicale, en groupes r\u00e9duits en favorisant la communication et la motivation des \u00e9l\u00e8ves.","og_url":"https:\/\/www.espagnolporfavor.com\/mission\/","og_site_name":"Espagnol Por Favor","article_publisher":"https:\/\/www.facebook.com\/espagnolporfavor\/","article_modified_time":"2023-01-13T20:10:08+00:00","og_image":[{"width":199,"height":499,"url":"https:\/\/www.espagnolporfavor.com\/wp-content\/uploads\/2014\/12\/img4.jpg","type":"image\/jpeg"}],"twitter_card":"summary_large_image","twitter_misc":{"Tiempo de lectura":"4 minutos"},"schema":{"@context":"https:\/\/schema.org","@graph":[{"@type":"WebPage","@id":"https:\/\/www.espagnolporfavor.com\/mission\/","url":"https:\/\/www.espagnolporfavor.com\/mission\/","name":"[:fr]Mission[:es]Misi\u00f3n[:] - Espagnol Por Favor","isPartOf":{"@id":"https:\/\/www.espagnolporfavor.com\/#website"},"primaryImageOfPage":{"@id":"https:\/\/www.espagnolporfavor.com\/mission\/#primaryimage"},"image":{"@id":"https:\/\/www.espagnolporfavor.com\/mission\/#primaryimage"},"thumbnailUrl":"https:\/\/www.espagnolporfavor.com\/wp-content\/uploads\/2014\/12\/img4.jpg","datePublished":"2014-12-17T19:35:26+00:00","dateModified":"2023-01-13T20:10:08+00:00","description":"AIDER \u00e0 tous les adultes de Montr\u00e9al qui veulent apprendre la langue espagnole -n'importe son niveau de connaissances- de mani\u00e8re efficace et amicale, en groupes r\u00e9duits en favorisant la communication et la motivation des \u00e9l\u00e8ves.","breadcrumb":{"@id":"https:\/\/www.espagnolporfavor.com\/mission\/#breadcrumb"},"inLanguage":"es","potentialAction":[{"@type":"ReadAction","target":["https:\/\/www.espagnolporfavor.com\/mission\/"]}]},{"@type":"ImageObject","inLanguage":"es","@id":"https:\/\/www.espagnolporfavor.com\/mission\/#primaryimage","url":"https:\/\/www.espagnolporfavor.com\/wp-content\/uploads\/2014\/12\/img4.jpg","contentUrl":"https:\/\/www.espagnolporfavor.com\/wp-content\/uploads\/2014\/12\/img4.jpg","width":199,"height":499,"caption":"Cours d'espagnol interm\u00e9diaire le 10 janvier 2017"},{"@type":"BreadcrumbList","@id":"https:\/\/www.espagnolporfavor.com\/mission\/#breadcrumb","itemListElement":[{"@type":"ListItem","position":1,"name":"Home","item":"https:\/\/www.espagnolporfavor.com\/"},{"@type":"ListItem","position":2,"name":"Mission"}]},{"@type":"WebSite","@id":"https:\/\/www.espagnolporfavor.com\/#website","url":"https:\/\/www.espagnolporfavor.com\/","name":"Espagnol Por Favor","description":"Cours d&#039;espagnol Montr\u00e9al","publisher":{"@id":"https:\/\/www.espagnolporfavor.com\/#organization"},"potentialAction":[{"@type":"SearchAction","target":{"@type":"EntryPoint","urlTemplate":"https:\/\/www.espagnolporfavor.com\/?s={search_term_string}"},"query-input":{"@type":"PropertyValueSpecification","valueRequired":true,"valueName":"search_term_string"}}],"inLanguage":"es"},{"@type":"Organization","@id":"https:\/\/www.espagnolporfavor.com\/#organization","name":"Cours d'espagnol Por Favor","url":"https:\/\/www.espagnolporfavor.com\/","logo":{"@type":"ImageObject","inLanguage":"es","@id":"https:\/\/www.espagnolporfavor.com\/#\/schema\/logo\/image\/","url":"https:\/\/www.espagnolporfavor.com\/wp-content\/uploads\/2023\/01\/logo-Cours-despagnol-por-favor-10x50-con-logo-amarillo-delante-300-ppi-scaled.jpg","contentUrl":"https:\/\/www.espagnolporfavor.com\/wp-content\/uploads\/2023\/01\/logo-Cours-despagnol-por-favor-10x50-con-logo-amarillo-delante-300-ppi-scaled.jpg","width":2560,"height":512,"caption":"Cours d'espagnol Por Favor"},"image":{"@id":"https:\/\/www.espagnolporfavor.com\/#\/schema\/logo\/image\/"},"sameAs":["https:\/\/www.facebook.com\/espagnolporfavor\/"]}]}},"_links":{"self":[{"href":"https:\/\/www.espagnolporfavor.com\/es\/wp-json\/wp\/v2\/pages\/37","targetHints":{"allow":["GET"]}}],"collection":[{"href":"https:\/\/www.espagnolporfavor.com\/es\/wp-json\/wp\/v2\/pages"}],"about":[{"href":"https:\/\/www.espagnolporfavor.com\/es\/wp-json\/wp\/v2\/types\/page"}],"author":[{"embeddable":true,"href":"https:\/\/www.espagnolporfavor.com\/es\/wp-json\/wp\/v2\/users\/1"}],"replies":[{"embeddable":true,"href":"https:\/\/www.espagnolporfavor.com\/es\/wp-json\/wp\/v2\/comments?post=37"}],"version-history":[{"count":10,"href":"https:\/\/www.espagnolporfavor.com\/es\/wp-json\/wp\/v2\/pages\/37\/revisions"}],"predecessor-version":[{"id":7160,"href":"https:\/\/www.espagnolporfavor.com\/es\/wp-json\/wp\/v2\/pages\/37\/revisions\/7160"}],"wp:featuredmedia":[{"embeddable":true,"href":"https:\/\/www.espagnolporfavor.com\/es\/wp-json\/wp\/v2\/media\/38"}],"wp:attachment":[{"href":"https:\/\/www.espagnolporfavor.com\/es\/wp-json\/wp\/v2\/media?parent=37"}],"curies":[{"name":"wp","href":"https:\/\/api.w.org\/{rel}","templated":true}]}}