{"id":46,"date":"2014-12-17T21:33:43","date_gmt":"2014-12-18T02:33:43","guid":{"rendered":"https:\/\/www.espagnolporfavor.com\/blog\/?page_id=46"},"modified":"2026-03-30T11:35:38","modified_gmt":"2026-03-30T15:35:38","slug":"cours","status":"publish","type":"page","link":"https:\/\/www.espagnolporfavor.com\/es\/cours\/","title":{"rendered":"Cursos en abril de 2026"},"content":{"rendered":"<style type=\"text\/css\"><\/style><p>\u00a1Esperamos que pase un buen inicio de primavera!. Es el momento de comenzar cursos con nosotros.<\/p>\n<p>La reserva para nuestros nuevos grupos est\u00e1 abierta.<\/p>\n<p><strong>Nuestros cursos en abril de 2026: (Por internet, particulares o en grupos reducidos)<\/strong><\/p>\n<p><em>Todos los lunes, a partir del 6 de abril<\/em>. <em>Curso de espa\u00f1ol nivel avanzado<\/em> (completo) Horario 12h.<\/p>\n<p><em>Todos los lunes, a partir del 6 de abril<strong>. <\/strong><\/em><em>Curso de espa\u00f1ol intermedio-alto (completo). Horario 16h.<\/em><\/p>\n<p>Todos los martes, a partir del 7 de abril.\u00a0 Curso de espa\u00f1ol inicial. (completo). Horario 16h.<\/p>\n<p><strong>Todos los martes, a partir 14 de abril. ***Curso de espa\u00f1ol nivel inicial. (2 plazas disponibles). Horario 17h. Reservas al final de esta p\u00e1gina e info@espagnolporfavor.com<\/strong><\/p>\n<p><a href=\"https:\/\/www.espagnolporfavor.com\/temoignages\/\">T\u00e9moignages &#8211; Espagnol Por Favor<\/a><\/p>\n<p>Todos los mi\u00e9rcoles, a partir del 4 de febrero. Curso de espa\u00f1ol intermedio. (completo). Horario 10h.<\/p>\n<p><strong>Todos los mi\u00e9rcoles, a partir del 15 de abril. ***Curso de nivel preintermedio (2 plazas disponibles). Horario 17h. Reservas al final de esta p\u00e1gina y <em>adultes@espagnolporfavor.com<\/em><\/strong><\/p>\n<p><a href=\"https:\/\/www.espagnolporfavor.com\/\">Home &#8211; classes d&#8217;espagnol en groupes r\u00e9duits<\/a><\/p>\n<p>Todos los jueves, a partir del 2 de abril. Curso intermedio (completo). Horario 12h.<\/p>\n<p>Todos los jueves, a partir del 2 de abril. Curso de nivel inicial (completo). Horario 17h.<\/p>\n<p>Todos los viernes, a partir del 3 de abril. *<em>Curso de nivel A2<\/em>. (1 plaza disponible). Horario 16h.<\/p>\n<p>*** Nuevos grupos o recientes<\/p>\n<p><strong>Si usted vive en el este de Montreal, hay clases presenciales en grupos reducidos.\u00a0<\/strong><\/p>\n<p>LL\u00c1MENOS al <strong>514 560 2524 o P\u00d3NGASE EN CONTACTO en: info@espagnolporfavor.com<\/strong>. GRACIAS.<\/p>\n<p><a href=\"https:\/\/www.espagnolporfavor.com\/wp-content\/uploads\/2021\/05\/DSCN2968.jpg\"><img loading=\"lazy\" decoding=\"async\" class=\"alignnone size-medium wp-image-6966\" src=\"https:\/\/www.espagnolporfavor.com\/wp-content\/uploads\/2021\/05\/DSCN2968.jpg\" alt=\"\" width=\"1\" height=\"1\" \/><\/a><a href=\"https:\/\/www.espagnolporfavor.com\/wp-content\/uploads\/2021\/10\/tapas-005.jpg\"><img loading=\"lazy\" decoding=\"async\" class=\"alignnone size-medium wp-image-7007\" src=\"https:\/\/www.espagnolporfavor.com\/wp-content\/uploads\/2021\/10\/tapas-005-300x200.jpg\" alt=\"\" width=\"300\" height=\"200\" srcset=\"https:\/\/www.espagnolporfavor.com\/wp-content\/uploads\/2021\/10\/tapas-005-300x200.jpg 300w, https:\/\/www.espagnolporfavor.com\/wp-content\/uploads\/2021\/10\/tapas-005-1024x682.jpg 1024w, https:\/\/www.espagnolporfavor.com\/wp-content\/uploads\/2021\/10\/tapas-005-768x511.jpg 768w, https:\/\/www.espagnolporfavor.com\/wp-content\/uploads\/2021\/10\/tapas-005-1536x1022.jpg 1536w, https:\/\/www.espagnolporfavor.com\/wp-content\/uploads\/2021\/10\/tapas-005-580x386.jpg 580w, https:\/\/www.espagnolporfavor.com\/wp-content\/uploads\/2021\/10\/tapas-005-860x572.jpg 860w, https:\/\/www.espagnolporfavor.com\/wp-content\/uploads\/2021\/10\/tapas-005-1160x772.jpg 1160w, https:\/\/www.espagnolporfavor.com\/wp-content\/uploads\/2021\/10\/tapas-005.jpg 1600w\" sizes=\"auto, (max-width: 300px) 100vw, 300px\" \/><\/a><\/p>\n<hr \/>\n<p>\n<div class=\"wpcf7 no-js\" id=\"wpcf7-f7079-o2\" lang=\"en-US\" dir=\"ltr\" data-wpcf7-id=\"7079\">\n<div class=\"screen-reader-response\"><p role=\"status\" aria-live=\"polite\" aria-atomic=\"true\"><\/p> <ul><\/ul><\/div>\n<form action=\"\/es\/wp-json\/wp\/v2\/pages\/46#wpcf7-f7079-o2\" method=\"post\" class=\"wpcf7-form init\" aria-label=\"Contact form\" novalidate=\"novalidate\" data-status=\"init\">\n<fieldset class=\"hidden-fields-container\"><input type=\"hidden\" name=\"_wpcf7\" value=\"7079\" \/><input type=\"hidden\" name=\"_wpcf7_version\" value=\"6.1.5\" \/><input type=\"hidden\" name=\"_wpcf7_locale\" value=\"en_US\" \/><input type=\"hidden\" name=\"_wpcf7_unit_tag\" value=\"wpcf7-f7079-o2\" \/><input type=\"hidden\" name=\"_wpcf7_container_post\" value=\"0\" \/><input type=\"hidden\" name=\"_wpcf7_posted_data_hash\" value=\"\" \/><input type=\"hidden\" name=\"_wpcf7_recaptcha_response\" value=\"\" \/>\n<\/fieldset>\n<h2>Reserva\n<\/h2>\n<p>Los campos marcados con * son obligatorios\n<\/p>\n<p>Nombre: *\n<\/p>\n<p><span class=\"wpcf7-form-control-wrap\" data-name=\"your-name\"><input size=\"40\" maxlength=\"400\" class=\"wpcf7-form-control wpcf7-text wpcf7-validates-as-required\" aria-required=\"true\" aria-invalid=\"false\" value=\"\" type=\"text\" name=\"your-name\" \/><\/span>\n<\/p>\n<p>Correo electr\u00f3nico: *\n<\/p>\n<p><span class=\"wpcf7-form-control-wrap\" data-name=\"email\"><input size=\"40\" maxlength=\"400\" class=\"wpcf7-form-control wpcf7-email wpcf7-validates-as-required wpcf7-text wpcf7-validates-as-email\" aria-required=\"true\" aria-invalid=\"false\" value=\"\" type=\"email\" name=\"email\" \/><\/span>\n<\/p>\n<p>Tel\u00e9fono: *\n<\/p>\n<p><span class=\"wpcf7-form-control-wrap\" data-name=\"tel\"><input size=\"40\" maxlength=\"400\" class=\"wpcf7-form-control wpcf7-tel wpcf7-validates-as-required wpcf7-text wpcf7-validates-as-tel\" aria-required=\"true\" aria-invalid=\"false\" value=\"\" type=\"tel\" name=\"tel\" \/><\/span>\n<\/p>\n<p>\u00bfCu\u00e1l es su motivaci\u00f3n para aprender espa\u00f1ol?<br \/>\n<span class=\"wpcf7-form-control-wrap\" data-name=\"checkbox-motivation\"><span class=\"wpcf7-form-control wpcf7-checkbox\"><span class=\"wpcf7-list-item first\"><label><input type=\"checkbox\" name=\"checkbox-motivation[]\" value=\"Pour voyager\" \/><span class=\"wpcf7-list-item-label\">Pour voyager<\/span><\/label><\/span><span class=\"wpcf7-list-item\"><label><input type=\"checkbox\" name=\"checkbox-motivation[]\" value=\"Pour le travail\/profession\" \/><span class=\"wpcf7-list-item-label\">Pour le travail\/profession<\/span><\/label><\/span><span class=\"wpcf7-list-item\"><label><input type=\"checkbox\" name=\"checkbox-motivation[]\" value=\"Pour faire des amis\" \/><span class=\"wpcf7-list-item-label\">Pour faire des amis<\/span><\/label><\/span><span class=\"wpcf7-list-item last\"><label><input type=\"checkbox\" name=\"checkbox-motivation[]\" value=\"Pour int\u00e9r\u00eat dans la langue\/culture\" \/><span class=\"wpcf7-list-item-label\">Pour int\u00e9r\u00eat dans la langue\/culture<\/span><\/label><\/span><\/span><\/span>\n<\/p>\n<p><input class=\"wpcf7-form-control wpcf7-submit has-spinner\" type=\"submit\" value=\"Haga su Reserva\" \/>\n<\/p><p style=\"display: none !important;\" class=\"akismet-fields-container\" data-prefix=\"_wpcf7_ak_\"><label>&#916;<textarea name=\"_wpcf7_ak_hp_textarea\" cols=\"45\" rows=\"8\" maxlength=\"100\"><\/textarea><\/label><input type=\"hidden\" id=\"ak_js_2\" name=\"_wpcf7_ak_js\" value=\"217\"\/><script>document.getElementById( \"ak_js_2\" ).setAttribute( \"value\", ( new Date() ).getTime() );<\/script><\/p><div class=\"wpcf7-response-output\" aria-hidden=\"true\"><\/div>\n<\/form>\n<\/div>\n<\/p>","protected":false},"excerpt":{"rendered":"<p>\u00a1Esperamos que pase un buen inicio de primavera!. Es el momento de comenzar cursos con nosotros. La reserva para nuestros nuevos grupos est\u00e1 abierta. Nuestros cursos en abril de 2026:&#8230;<\/p>\n","protected":false},"author":1,"featured_media":7007,"parent":0,"menu_order":0,"comment_status":"closed","ping_status":"closed","template":"","meta":{"footnotes":""},"class_list":["post-46","page","type-page","status-publish","has-post-thumbnail","hentry"],"yoast_head":"<!-- This site is optimized with the Yoast SEO plugin v27.2 - https:\/\/yoast.com\/product\/yoast-seo-wordpress\/ -->\n<title>Cursos en abril de 2026 - Espagnol Por Favor<\/title>\n<meta name=\"description\" content=\"On esp\u00e8re que vous aurez un bon d\u00e9but de printemps!. C&#039;est le moment de commencer des cours d&#039;espagnol avec nous.\" \/>\n<meta name=\"robots\" content=\"index, follow, max-snippet:-1, max-image-preview:large, max-video-preview:-1\" \/>\n<link rel=\"canonical\" href=\"https:\/\/www.espagnolporfavor.com\/cours\/\" \/>\n<meta property=\"og:locale\" content=\"es_ES\" \/>\n<meta property=\"og:type\" content=\"article\" \/>\n<meta property=\"og:title\" content=\"[:fr]Cours en avril 2026[:es]Cursos en abril de 2026[:] - Espagnol Por Favor\" \/>\n<meta property=\"og:description\" content=\"On esp\u00e8re que vous aurez un bon d\u00e9but de printemps!. C&#039;est le moment de commencer des cours d&#039;espagnol avec nous.\" \/>\n<meta property=\"og:url\" content=\"https:\/\/www.espagnolporfavor.com\/cours\/\" \/>\n<meta property=\"og:site_name\" content=\"Espagnol Por Favor\" \/>\n<meta property=\"article:publisher\" content=\"https:\/\/www.facebook.com\/espagnolporfavor\/\" \/>\n<meta property=\"article:modified_time\" content=\"2026-03-30T15:35:38+00:00\" \/>\n<meta property=\"og:image\" content=\"https:\/\/www.espagnolporfavor.com\/wp-content\/uploads\/2021\/10\/tapas-005.jpg\" \/>\n\t<meta property=\"og:image:width\" content=\"1600\" \/>\n\t<meta property=\"og:image:height\" content=\"1065\" \/>\n\t<meta property=\"og:image:type\" content=\"image\/jpeg\" \/>\n<meta name=\"twitter:card\" content=\"summary_large_image\" \/>\n<meta name=\"twitter:label1\" content=\"Tiempo de lectura\" \/>\n\t<meta name=\"twitter:data1\" content=\"2 minutos\" \/>\n<script type=\"application\/ld+json\" class=\"yoast-schema-graph\">{\"@context\":\"https:\/\/schema.org\",\"@graph\":[{\"@type\":\"WebPage\",\"@id\":\"https:\/\/www.espagnolporfavor.com\/cours\/\",\"url\":\"https:\/\/www.espagnolporfavor.com\/cours\/\",\"name\":\"[:fr]Cours en avril 2026[:es]Cursos en abril de 2026[:] - Espagnol Por Favor\",\"isPartOf\":{\"@id\":\"https:\/\/www.espagnolporfavor.com\/#website\"},\"primaryImageOfPage\":{\"@id\":\"https:\/\/www.espagnolporfavor.com\/cours\/#primaryimage\"},\"image\":{\"@id\":\"https:\/\/www.espagnolporfavor.com\/cours\/#primaryimage\"},\"thumbnailUrl\":\"https:\/\/www.espagnolporfavor.com\/wp-content\/uploads\/2021\/10\/tapas-005.jpg\",\"datePublished\":\"2014-12-18T02:33:43+00:00\",\"dateModified\":\"2026-03-30T15:35:38+00:00\",\"description\":\"On esp\u00e8re que vous aurez un bon d\u00e9but de printemps!. C'est le moment de commencer des cours d'espagnol avec nous.\",\"breadcrumb\":{\"@id\":\"https:\/\/www.espagnolporfavor.com\/cours\/#breadcrumb\"},\"inLanguage\":\"es\",\"potentialAction\":[{\"@type\":\"ReadAction\",\"target\":[\"https:\/\/www.espagnolporfavor.com\/cours\/\"]}]},{\"@type\":\"ImageObject\",\"inLanguage\":\"es\",\"@id\":\"https:\/\/www.espagnolporfavor.com\/cours\/#primaryimage\",\"url\":\"https:\/\/www.espagnolporfavor.com\/wp-content\/uploads\/2021\/10\/tapas-005.jpg\",\"contentUrl\":\"https:\/\/www.espagnolporfavor.com\/wp-content\/uploads\/2021\/10\/tapas-005.jpg\",\"width\":1600,\"height\":1065},{\"@type\":\"BreadcrumbList\",\"@id\":\"https:\/\/www.espagnolporfavor.com\/cours\/#breadcrumb\",\"itemListElement\":[{\"@type\":\"ListItem\",\"position\":1,\"name\":\"Home\",\"item\":\"https:\/\/www.espagnolporfavor.com\/\"},{\"@type\":\"ListItem\",\"position\":2,\"name\":\"Cours en avril 2026\"}]},{\"@type\":\"WebSite\",\"@id\":\"https:\/\/www.espagnolporfavor.com\/#website\",\"url\":\"https:\/\/www.espagnolporfavor.com\/\",\"name\":\"Espagnol Por Favor\",\"description\":\"Cours d&#039;espagnol Montr\u00e9al\",\"publisher\":{\"@id\":\"https:\/\/www.espagnolporfavor.com\/#organization\"},\"potentialAction\":[{\"@type\":\"SearchAction\",\"target\":{\"@type\":\"EntryPoint\",\"urlTemplate\":\"https:\/\/www.espagnolporfavor.com\/?s={search_term_string}\"},\"query-input\":{\"@type\":\"PropertyValueSpecification\",\"valueRequired\":true,\"valueName\":\"search_term_string\"}}],\"inLanguage\":\"es\"},{\"@type\":\"Organization\",\"@id\":\"https:\/\/www.espagnolporfavor.com\/#organization\",\"name\":\"Cours d'espagnol Por Favor\",\"url\":\"https:\/\/www.espagnolporfavor.com\/\",\"logo\":{\"@type\":\"ImageObject\",\"inLanguage\":\"es\",\"@id\":\"https:\/\/www.espagnolporfavor.com\/#\/schema\/logo\/image\/\",\"url\":\"https:\/\/www.espagnolporfavor.com\/wp-content\/uploads\/2023\/01\/logo-Cours-despagnol-por-favor-10x50-con-logo-amarillo-delante-300-ppi-scaled.jpg\",\"contentUrl\":\"https:\/\/www.espagnolporfavor.com\/wp-content\/uploads\/2023\/01\/logo-Cours-despagnol-por-favor-10x50-con-logo-amarillo-delante-300-ppi-scaled.jpg\",\"width\":2560,\"height\":512,\"caption\":\"Cours d'espagnol Por Favor\"},\"image\":{\"@id\":\"https:\/\/www.espagnolporfavor.com\/#\/schema\/logo\/image\/\"},\"sameAs\":[\"https:\/\/www.facebook.com\/espagnolporfavor\/\"]}]}<\/script>\n<!-- \/ Yoast SEO plugin. -->","yoast_head_json":{"title":"[:fr]Cours en avril 2026[:es]Cursos en abril de 2026[:] - Espagnol Por Favor","description":"On esp\u00e8re que vous aurez un bon d\u00e9but de printemps!. C'est le moment de commencer des cours d'espagnol avec nous.","robots":{"index":"index","follow":"follow","max-snippet":"max-snippet:-1","max-image-preview":"max-image-preview:large","max-video-preview":"max-video-preview:-1"},"canonical":"https:\/\/www.espagnolporfavor.com\/cours\/","og_locale":"es_ES","og_type":"article","og_title":"[:fr]Cours en avril 2026[:es]Cursos en abril de 2026[:] - Espagnol Por Favor","og_description":"On esp\u00e8re que vous aurez un bon d\u00e9but de printemps!. C'est le moment de commencer des cours d'espagnol avec nous.","og_url":"https:\/\/www.espagnolporfavor.com\/cours\/","og_site_name":"Espagnol Por Favor","article_publisher":"https:\/\/www.facebook.com\/espagnolporfavor\/","article_modified_time":"2026-03-30T15:35:38+00:00","og_image":[{"width":1600,"height":1065,"url":"https:\/\/www.espagnolporfavor.com\/wp-content\/uploads\/2021\/10\/tapas-005.jpg","type":"image\/jpeg"}],"twitter_card":"summary_large_image","twitter_misc":{"Tiempo de lectura":"2 minutos"},"schema":{"@context":"https:\/\/schema.org","@graph":[{"@type":"WebPage","@id":"https:\/\/www.espagnolporfavor.com\/cours\/","url":"https:\/\/www.espagnolporfavor.com\/cours\/","name":"[:fr]Cours en avril 2026[:es]Cursos en abril de 2026[:] - Espagnol Por Favor","isPartOf":{"@id":"https:\/\/www.espagnolporfavor.com\/#website"},"primaryImageOfPage":{"@id":"https:\/\/www.espagnolporfavor.com\/cours\/#primaryimage"},"image":{"@id":"https:\/\/www.espagnolporfavor.com\/cours\/#primaryimage"},"thumbnailUrl":"https:\/\/www.espagnolporfavor.com\/wp-content\/uploads\/2021\/10\/tapas-005.jpg","datePublished":"2014-12-18T02:33:43+00:00","dateModified":"2026-03-30T15:35:38+00:00","description":"On esp\u00e8re que vous aurez un bon d\u00e9but de printemps!. C'est le moment de commencer des cours d'espagnol avec nous.","breadcrumb":{"@id":"https:\/\/www.espagnolporfavor.com\/cours\/#breadcrumb"},"inLanguage":"es","potentialAction":[{"@type":"ReadAction","target":["https:\/\/www.espagnolporfavor.com\/cours\/"]}]},{"@type":"ImageObject","inLanguage":"es","@id":"https:\/\/www.espagnolporfavor.com\/cours\/#primaryimage","url":"https:\/\/www.espagnolporfavor.com\/wp-content\/uploads\/2021\/10\/tapas-005.jpg","contentUrl":"https:\/\/www.espagnolporfavor.com\/wp-content\/uploads\/2021\/10\/tapas-005.jpg","width":1600,"height":1065},{"@type":"BreadcrumbList","@id":"https:\/\/www.espagnolporfavor.com\/cours\/#breadcrumb","itemListElement":[{"@type":"ListItem","position":1,"name":"Home","item":"https:\/\/www.espagnolporfavor.com\/"},{"@type":"ListItem","position":2,"name":"Cours en avril 2026"}]},{"@type":"WebSite","@id":"https:\/\/www.espagnolporfavor.com\/#website","url":"https:\/\/www.espagnolporfavor.com\/","name":"Espagnol Por Favor","description":"Cours d&#039;espagnol Montr\u00e9al","publisher":{"@id":"https:\/\/www.espagnolporfavor.com\/#organization"},"potentialAction":[{"@type":"SearchAction","target":{"@type":"EntryPoint","urlTemplate":"https:\/\/www.espagnolporfavor.com\/?s={search_term_string}"},"query-input":{"@type":"PropertyValueSpecification","valueRequired":true,"valueName":"search_term_string"}}],"inLanguage":"es"},{"@type":"Organization","@id":"https:\/\/www.espagnolporfavor.com\/#organization","name":"Cours d'espagnol Por Favor","url":"https:\/\/www.espagnolporfavor.com\/","logo":{"@type":"ImageObject","inLanguage":"es","@id":"https:\/\/www.espagnolporfavor.com\/#\/schema\/logo\/image\/","url":"https:\/\/www.espagnolporfavor.com\/wp-content\/uploads\/2023\/01\/logo-Cours-despagnol-por-favor-10x50-con-logo-amarillo-delante-300-ppi-scaled.jpg","contentUrl":"https:\/\/www.espagnolporfavor.com\/wp-content\/uploads\/2023\/01\/logo-Cours-despagnol-por-favor-10x50-con-logo-amarillo-delante-300-ppi-scaled.jpg","width":2560,"height":512,"caption":"Cours d'espagnol Por Favor"},"image":{"@id":"https:\/\/www.espagnolporfavor.com\/#\/schema\/logo\/image\/"},"sameAs":["https:\/\/www.facebook.com\/espagnolporfavor\/"]}]}},"_links":{"self":[{"href":"https:\/\/www.espagnolporfavor.com\/es\/wp-json\/wp\/v2\/pages\/46","targetHints":{"allow":["GET"]}}],"collection":[{"href":"https:\/\/www.espagnolporfavor.com\/es\/wp-json\/wp\/v2\/pages"}],"about":[{"href":"https:\/\/www.espagnolporfavor.com\/es\/wp-json\/wp\/v2\/types\/page"}],"author":[{"embeddable":true,"href":"https:\/\/www.espagnolporfavor.com\/es\/wp-json\/wp\/v2\/users\/1"}],"replies":[{"embeddable":true,"href":"https:\/\/www.espagnolporfavor.com\/es\/wp-json\/wp\/v2\/comments?post=46"}],"version-history":[{"count":223,"href":"https:\/\/www.espagnolporfavor.com\/es\/wp-json\/wp\/v2\/pages\/46\/revisions"}],"predecessor-version":[{"id":7528,"href":"https:\/\/www.espagnolporfavor.com\/es\/wp-json\/wp\/v2\/pages\/46\/revisions\/7528"}],"wp:featuredmedia":[{"embeddable":true,"href":"https:\/\/www.espagnolporfavor.com\/es\/wp-json\/wp\/v2\/media\/7007"}],"wp:attachment":[{"href":"https:\/\/www.espagnolporfavor.com\/es\/wp-json\/wp\/v2\/media?parent=46"}],"curies":[{"name":"wp","href":"https:\/\/api.w.org\/{rel}","templated":true}]}}