{"id":6,"date":"2014-12-15T14:00:04","date_gmt":"2014-12-15T14:00:04","guid":{"rendered":"https:\/\/www.espagnolporfavor.com\/blog\/?page_id=6"},"modified":"2023-09-01T15:38:35","modified_gmt":"2023-09-01T19:38:35","slug":"services","status":"publish","type":"page","link":"https:\/\/www.espagnolporfavor.com\/es\/services\/","title":{"rendered":"Servicios y precios"},"content":{"rendered":"<style type=\"text\/css\"><\/style><p><\/p>\n<h2><a href=\"https:\/\/www.espagnolporfavor.com\/wp-content\/uploads\/2019\/08\/IMG_4858.jpg\"><img loading=\"lazy\" decoding=\"async\" class=\"aligncenter wp-image-6731 size-large\" src=\"https:\/\/www.espagnolporfavor.com\/wp-content\/uploads\/2019\/08\/IMG_4858-1024x683.jpg\" alt=\"\" width=\"1024\" height=\"683\" srcset=\"https:\/\/www.espagnolporfavor.com\/wp-content\/uploads\/2019\/08\/IMG_4858-1024x683.jpg 1024w, https:\/\/www.espagnolporfavor.com\/wp-content\/uploads\/2019\/08\/IMG_4858-300x200.jpg 300w, https:\/\/www.espagnolporfavor.com\/wp-content\/uploads\/2019\/08\/IMG_4858-768x512.jpg 768w, https:\/\/www.espagnolporfavor.com\/wp-content\/uploads\/2019\/08\/IMG_4858-580x387.jpg 580w, https:\/\/www.espagnolporfavor.com\/wp-content\/uploads\/2019\/08\/IMG_4858-860x573.jpg 860w, https:\/\/www.espagnolporfavor.com\/wp-content\/uploads\/2019\/08\/IMG_4858-1160x773.jpg 1160w\" sizes=\"auto, (max-width: 1024px) 100vw, 1024px\" \/><\/a><\/h2>\n<h1>Cursos de espa\u00f1ol para adultos<\/h1>\n<p><strong><em>*Entre nuestros alumnos: jubiladas y jubilados, trabajadoras, trabajadores, j\u00f3venes y personas a las que les gusta viajar para hablar en espa\u00f1ol<\/em><\/strong><strong><em>.<\/em><\/strong><\/p>\n<p>Pensado para personas que tienen inter\u00e9s en aprender espa\u00f1ol por razones personales: viajes a pa\u00edses de habla hispana, amistad con hispanohablantes, inter\u00e9s en la cultura y la lengua en s\u00ed, inter\u00e9s profesional a medio plazo u otras posibles motivaciones.<\/p>\n<p>Ofrecemos doce niveles de ense\u00f1anza basados en el Marco de Referencia Europeo (MRE) que llevar\u00e1n al alumno hasta un nivel de dominio de la lengua intermedio alto. (Nivel B1-B1+). Las clases tienen una metodolog\u00eda oral con un \u00e9nfasis gramatical seg\u00fan avanzan los niveles y necesidades de los alumnos.<\/p>\n<p>Se sigue una programaci\u00f3n basada en dicho Marco y se utilizan dos libros que cubren los contenidos previstos.<\/p>\n<p>Se utilizan en la clase p\u00f3sters, tarjetas, juegos y ejercicios de escucha para conseguir los fines propuestos.<\/p>\n<p><strong>PRECIO<\/strong>: 115 $ por mes.(1 hora 15 min por semana). <strong>Grupos reducidos de cuatro personas<\/strong>.<\/p>\n<p><strong>R\u00e9servas adultes@espagnolporfavor.com<\/strong><\/p>\n<h1>Cursos de espa\u00f1ol para ejecutivos<\/h1>\n<p><strong><em>*Entre nuestros clientes: directivos del Cirque du Soleil, Lor\u00e9al, Sanimax, Restaure-Action, Ace cleaning services, abogados, m\u00e9dicos y profesores de universidad.<\/em><\/strong><\/p>\n<p>Dise\u00f1ado para profesionales que no disponen de mucho tiempo, que quieren aprovechar su jornada laboral y disponen de un despacho u oficina propios. Nos desplazamos a su lugar de trabajo a la hora que deseen. Clases particulares de s\u00f3lo un alumno.<\/p>\n<p>Ofrecemos diez niveles de ense\u00f1anza que responder\u00e1n a sus necesidades de aprendizaje. Los diez niveles cubren las necesidades comunicativas enfocadas al \u00e1mbito empresarial hasta un nivel intermedio alto (NIVEL B2 del Marco Europeo de Referencia). El objetivo es utilizar la lengua como instrumento de trabajo y aplicarla a su actividad laboral cotidiana.<\/p>\n<p>Se identifican sus conocimientos y se adec\u00faan los contenidos a su trabajo, sector y puesto en la empresa. Hacemos hincapi\u00e9 en la oralidad y comunicaci\u00f3n. La gram\u00e1tica se ense\u00f1a ligada a estas necesidades y no como un fin en s\u00ed misma<\/p>\n<p>La metodolog\u00eda utilizada hace hincapi\u00e9 en la oralidad y comunicaci\u00f3n, tanto en la producci\u00f3n como en la comprensi\u00f3n.<\/p>\n<p>Las clases pueden comenzar en cualquier momento del a\u00f1o, seg\u00fan las necesidades de los clientes.<\/p>\n<p><strong>PRECIO<\/strong>: 50$ por clase (50 min).<\/p>\n<h1>Cursos de espa\u00f1ol para empresas<\/h1>\n<p><strong><em>Entre nuestros clientes: La nouvelle autoroute 30, Earth Alive, Sanimax, SUCO (O.N.B.L.)<\/em><\/strong><\/p>\n<p>Dise\u00f1ado para empresas peque\u00f1as o medianas con necesidades de aprendizaje globales: el espa\u00f1ol es un objetivo estrat\u00e9gico y hay varios o numerosos empleados interesados.<\/p>\n<p>Se ofrecen diez niveles de ense\u00f1anza que responder\u00e1n a sus necesidades de aprendizaje. Los diez niveles cubren las necesidades comunicativas enfocadas al \u00e1mbito empresarial hasta un nivel intermedio alto (en torno al NIVEL B2 del Marco Europeo de Referencia). El objetivo es utilizar la lengua como instrumento de trabajo y aplicarla a su actividad laboral cotidiana.<\/p>\n<p>Se identifican los conocimientos y se proponen clases en grupos homog\u00e9neos de tres o cuatro alumnos. Se adec\u00faan los contenidos al sector y puesto en la empresa.<\/p>\n<p>La metodolog\u00eda utilizada hace hincapi\u00e9 en la oralidad y comunicaci\u00f3n, tanto en la producci\u00f3n como en la comprensi\u00f3n . La gram\u00e1tica se ense\u00f1a ligada a estas necesidades y no como un fin en s\u00ed misma.<\/p>\n<p>Los grupos son recurrentes a lo largo de todo el a\u00f1o.<\/p>\n<p><strong>PRECIO<\/strong>: 30$ por alumno cada hora.<\/p>\n<p><strong>R\u00e9servation entreprises@espagnolporfavor.com<\/strong><\/p>\n<h1>Cursos de franc\u00e9s intensivos (francisation)<\/h1>\n<p><strong>Entre nuestros clientes: Toitures CBC, IDEA Strat\u00e9gies<\/strong><\/p>\n<p>Dise\u00f1ado para los nuevos inmigrantes que tienen necesidad de aprender el franc\u00e9s r\u00e1pidamente por razones profesionales y de integraci\u00f3n. \u00a1Nos adaptamos a sus necesidades!<\/p>\n<p><strong>PRECIO<\/strong>: A negociar seg\u00fan sus necesidades de aprendizaje, clases particulares o en grupo.<\/p>\n<p><strong>Reservas info@espagnolporfavor.com<\/strong><\/p>\n<h1>Cursos de ingl\u00e9s intensivos<\/h1>\n<p><strong>Entre nuestros clientes: Restaure-Action<\/strong><\/p>\n<p>Para sus necesidades de aprendizaje cualquiera que sea su nivel, we can help you!<\/p>\n<p><strong>PRECIO<\/strong>: A negociar seg\u00fan sus necesidades de aprendizaje, clases particulares o en grupo.<\/p>\n<h1>Traducci\u00f3n al espa\u00f1ol<\/h1>\n<p><strong>Entre nuestros clientes: Sanimax, Sogel<\/strong><\/p>\n<p>Hacemos la traducci\u00f3n de sus documentos en ingl\u00e9s o franc\u00e9s al espa\u00f1ol en diferentes campos de conocimiento como s\u00f3lo una persona nativa hispana puede hacerlo.<\/p>\n<p><strong>PRECIO :<\/strong> A negociar, por palabra traducida.<\/p>\n<p><strong>Informaci\u00f3n info@espagnolporfavor.com<\/strong><\/p>\n<p>APPELEZ-NOUS au <strong>514 560 2524 ou CONTACTEZ-NOUS adultes@espagnolporfavor.com<\/strong><\/p>","protected":false},"excerpt":{"rendered":"<p>Cursos de espa\u00f1ol para adultos *Entre nuestros alumnos: jubiladas y jubilados, trabajadoras, trabajadores, j\u00f3venes y personas a las que les gusta viajar para hablar en espa\u00f1ol. Pensado para personas que&#8230;<\/p>\n","protected":false},"author":1,"featured_media":44,"parent":0,"menu_order":1,"comment_status":"closed","ping_status":"closed","template":"","meta":{"footnotes":""},"class_list":["post-6","page","type-page","status-publish","has-post-thumbnail","hentry"],"yoast_head":"<!-- This site is optimized with the Yoast SEO plugin v27.2 - https:\/\/yoast.com\/product\/yoast-seo-wordpress\/ -->\n<title>Servicios y precios - Espagnol Por Favor<\/title>\n<meta name=\"robots\" content=\"index, follow, max-snippet:-1, max-image-preview:large, max-video-preview:-1\" \/>\n<link rel=\"canonical\" href=\"https:\/\/www.espagnolporfavor.com\/services\/\" \/>\n<meta property=\"og:locale\" content=\"es_ES\" \/>\n<meta property=\"og:type\" content=\"article\" \/>\n<meta property=\"og:title\" content=\"[:fr]Services et prix[:es]Servicios y precios[:] - Espagnol Por Favor\" \/>\n<meta property=\"og:description\" content=\"Cursos de espa\u00f1ol para adultos *Entre nuestros alumnos: jubiladas y jubilados, trabajadoras, trabajadores, j\u00f3venes y personas a las que les gusta viajar para hablar en espa\u00f1ol. Pensado para personas que...\" \/>\n<meta property=\"og:url\" content=\"https:\/\/www.espagnolporfavor.com\/services\/\" \/>\n<meta property=\"og:site_name\" content=\"Espagnol Por Favor\" \/>\n<meta property=\"article:publisher\" content=\"https:\/\/www.facebook.com\/espagnolporfavor\/\" \/>\n<meta property=\"article:modified_time\" content=\"2023-09-01T19:38:35+00:00\" \/>\n<meta property=\"og:image\" content=\"https:\/\/www.espagnolporfavor.com\/wp-content\/uploads\/2014\/12\/img1.jpg\" \/>\n\t<meta property=\"og:image:width\" content=\"199\" \/>\n\t<meta property=\"og:image:height\" content=\"499\" \/>\n\t<meta property=\"og:image:type\" content=\"image\/jpeg\" \/>\n<meta name=\"twitter:card\" content=\"summary_large_image\" \/>\n<meta name=\"twitter:label1\" content=\"Tiempo de lectura\" \/>\n\t<meta name=\"twitter:data1\" content=\"8 minutos\" \/>\n<script type=\"application\/ld+json\" class=\"yoast-schema-graph\">{\"@context\":\"https:\/\/schema.org\",\"@graph\":[{\"@type\":[\"WebPage\",\"ItemPage\"],\"@id\":\"https:\/\/www.espagnolporfavor.com\/services\/\",\"url\":\"https:\/\/www.espagnolporfavor.com\/services\/\",\"name\":\"[:fr]Services et prix[:es]Servicios y precios[:] - Espagnol Por Favor\",\"isPartOf\":{\"@id\":\"https:\/\/www.espagnolporfavor.com\/#website\"},\"primaryImageOfPage\":{\"@id\":\"https:\/\/www.espagnolporfavor.com\/services\/#primaryimage\"},\"image\":{\"@id\":\"https:\/\/www.espagnolporfavor.com\/services\/#primaryimage\"},\"thumbnailUrl\":\"https:\/\/www.espagnolporfavor.com\/wp-content\/uploads\/2014\/12\/img1.jpg\",\"datePublished\":\"2014-12-15T14:00:04+00:00\",\"dateModified\":\"2023-09-01T19:38:35+00:00\",\"breadcrumb\":{\"@id\":\"https:\/\/www.espagnolporfavor.com\/services\/#breadcrumb\"},\"inLanguage\":\"es\",\"potentialAction\":[{\"@type\":\"ReadAction\",\"target\":[\"https:\/\/www.espagnolporfavor.com\/services\/\"]}]},{\"@type\":\"ImageObject\",\"inLanguage\":\"es\",\"@id\":\"https:\/\/www.espagnolporfavor.com\/services\/#primaryimage\",\"url\":\"https:\/\/www.espagnolporfavor.com\/wp-content\/uploads\/2014\/12\/img1.jpg\",\"contentUrl\":\"https:\/\/www.espagnolporfavor.com\/wp-content\/uploads\/2014\/12\/img1.jpg\",\"width\":199,\"height\":499,\"caption\":\"Cours d'espagnol d\u00e9butant le 12 janvier 2017\"},{\"@type\":\"BreadcrumbList\",\"@id\":\"https:\/\/www.espagnolporfavor.com\/services\/#breadcrumb\",\"itemListElement\":[{\"@type\":\"ListItem\",\"position\":1,\"name\":\"Home\",\"item\":\"https:\/\/www.espagnolporfavor.com\/\"},{\"@type\":\"ListItem\",\"position\":2,\"name\":\"Services et prix\"}]},{\"@type\":\"WebSite\",\"@id\":\"https:\/\/www.espagnolporfavor.com\/#website\",\"url\":\"https:\/\/www.espagnolporfavor.com\/\",\"name\":\"Espagnol Por Favor\",\"description\":\"Cours d&#039;espagnol Montr\u00e9al\",\"publisher\":{\"@id\":\"https:\/\/www.espagnolporfavor.com\/#organization\"},\"potentialAction\":[{\"@type\":\"SearchAction\",\"target\":{\"@type\":\"EntryPoint\",\"urlTemplate\":\"https:\/\/www.espagnolporfavor.com\/?s={search_term_string}\"},\"query-input\":{\"@type\":\"PropertyValueSpecification\",\"valueRequired\":true,\"valueName\":\"search_term_string\"}}],\"inLanguage\":\"es\"},{\"@type\":\"Organization\",\"@id\":\"https:\/\/www.espagnolporfavor.com\/#organization\",\"name\":\"Cours d'espagnol Por Favor\",\"url\":\"https:\/\/www.espagnolporfavor.com\/\",\"logo\":{\"@type\":\"ImageObject\",\"inLanguage\":\"es\",\"@id\":\"https:\/\/www.espagnolporfavor.com\/#\/schema\/logo\/image\/\",\"url\":\"https:\/\/www.espagnolporfavor.com\/wp-content\/uploads\/2023\/01\/logo-Cours-despagnol-por-favor-10x50-con-logo-amarillo-delante-300-ppi-scaled.jpg\",\"contentUrl\":\"https:\/\/www.espagnolporfavor.com\/wp-content\/uploads\/2023\/01\/logo-Cours-despagnol-por-favor-10x50-con-logo-amarillo-delante-300-ppi-scaled.jpg\",\"width\":2560,\"height\":512,\"caption\":\"Cours d'espagnol Por Favor\"},\"image\":{\"@id\":\"https:\/\/www.espagnolporfavor.com\/#\/schema\/logo\/image\/\"},\"sameAs\":[\"https:\/\/www.facebook.com\/espagnolporfavor\/\"]}]}<\/script>\n<!-- \/ Yoast SEO plugin. -->","yoast_head_json":{"title":"[:fr]Services et prix[:es]Servicios y precios[:] - Espagnol Por Favor","robots":{"index":"index","follow":"follow","max-snippet":"max-snippet:-1","max-image-preview":"max-image-preview:large","max-video-preview":"max-video-preview:-1"},"canonical":"https:\/\/www.espagnolporfavor.com\/services\/","og_locale":"es_ES","og_type":"article","og_title":"[:fr]Services et prix[:es]Servicios y precios[:] - Espagnol Por Favor","og_description":"Cursos de espa\u00f1ol para adultos *Entre nuestros alumnos: jubiladas y jubilados, trabajadoras, trabajadores, j\u00f3venes y personas a las que les gusta viajar para hablar en espa\u00f1ol. Pensado para personas que...","og_url":"https:\/\/www.espagnolporfavor.com\/services\/","og_site_name":"Espagnol Por Favor","article_publisher":"https:\/\/www.facebook.com\/espagnolporfavor\/","article_modified_time":"2023-09-01T19:38:35+00:00","og_image":[{"width":199,"height":499,"url":"https:\/\/www.espagnolporfavor.com\/wp-content\/uploads\/2014\/12\/img1.jpg","type":"image\/jpeg"}],"twitter_card":"summary_large_image","twitter_misc":{"Tiempo de lectura":"8 minutos"},"schema":{"@context":"https:\/\/schema.org","@graph":[{"@type":["WebPage","ItemPage"],"@id":"https:\/\/www.espagnolporfavor.com\/services\/","url":"https:\/\/www.espagnolporfavor.com\/services\/","name":"[:fr]Services et prix[:es]Servicios y precios[:] - Espagnol Por Favor","isPartOf":{"@id":"https:\/\/www.espagnolporfavor.com\/#website"},"primaryImageOfPage":{"@id":"https:\/\/www.espagnolporfavor.com\/services\/#primaryimage"},"image":{"@id":"https:\/\/www.espagnolporfavor.com\/services\/#primaryimage"},"thumbnailUrl":"https:\/\/www.espagnolporfavor.com\/wp-content\/uploads\/2014\/12\/img1.jpg","datePublished":"2014-12-15T14:00:04+00:00","dateModified":"2023-09-01T19:38:35+00:00","breadcrumb":{"@id":"https:\/\/www.espagnolporfavor.com\/services\/#breadcrumb"},"inLanguage":"es","potentialAction":[{"@type":"ReadAction","target":["https:\/\/www.espagnolporfavor.com\/services\/"]}]},{"@type":"ImageObject","inLanguage":"es","@id":"https:\/\/www.espagnolporfavor.com\/services\/#primaryimage","url":"https:\/\/www.espagnolporfavor.com\/wp-content\/uploads\/2014\/12\/img1.jpg","contentUrl":"https:\/\/www.espagnolporfavor.com\/wp-content\/uploads\/2014\/12\/img1.jpg","width":199,"height":499,"caption":"Cours d'espagnol d\u00e9butant le 12 janvier 2017"},{"@type":"BreadcrumbList","@id":"https:\/\/www.espagnolporfavor.com\/services\/#breadcrumb","itemListElement":[{"@type":"ListItem","position":1,"name":"Home","item":"https:\/\/www.espagnolporfavor.com\/"},{"@type":"ListItem","position":2,"name":"Services et prix"}]},{"@type":"WebSite","@id":"https:\/\/www.espagnolporfavor.com\/#website","url":"https:\/\/www.espagnolporfavor.com\/","name":"Espagnol Por Favor","description":"Cours d&#039;espagnol Montr\u00e9al","publisher":{"@id":"https:\/\/www.espagnolporfavor.com\/#organization"},"potentialAction":[{"@type":"SearchAction","target":{"@type":"EntryPoint","urlTemplate":"https:\/\/www.espagnolporfavor.com\/?s={search_term_string}"},"query-input":{"@type":"PropertyValueSpecification","valueRequired":true,"valueName":"search_term_string"}}],"inLanguage":"es"},{"@type":"Organization","@id":"https:\/\/www.espagnolporfavor.com\/#organization","name":"Cours d'espagnol Por Favor","url":"https:\/\/www.espagnolporfavor.com\/","logo":{"@type":"ImageObject","inLanguage":"es","@id":"https:\/\/www.espagnolporfavor.com\/#\/schema\/logo\/image\/","url":"https:\/\/www.espagnolporfavor.com\/wp-content\/uploads\/2023\/01\/logo-Cours-despagnol-por-favor-10x50-con-logo-amarillo-delante-300-ppi-scaled.jpg","contentUrl":"https:\/\/www.espagnolporfavor.com\/wp-content\/uploads\/2023\/01\/logo-Cours-despagnol-por-favor-10x50-con-logo-amarillo-delante-300-ppi-scaled.jpg","width":2560,"height":512,"caption":"Cours d'espagnol Por Favor"},"image":{"@id":"https:\/\/www.espagnolporfavor.com\/#\/schema\/logo\/image\/"},"sameAs":["https:\/\/www.facebook.com\/espagnolporfavor\/"]}]}},"_links":{"self":[{"href":"https:\/\/www.espagnolporfavor.com\/es\/wp-json\/wp\/v2\/pages\/6","targetHints":{"allow":["GET"]}}],"collection":[{"href":"https:\/\/www.espagnolporfavor.com\/es\/wp-json\/wp\/v2\/pages"}],"about":[{"href":"https:\/\/www.espagnolporfavor.com\/es\/wp-json\/wp\/v2\/types\/page"}],"author":[{"embeddable":true,"href":"https:\/\/www.espagnolporfavor.com\/es\/wp-json\/wp\/v2\/users\/1"}],"replies":[{"embeddable":true,"href":"https:\/\/www.espagnolporfavor.com\/es\/wp-json\/wp\/v2\/comments?post=6"}],"version-history":[{"count":38,"href":"https:\/\/www.espagnolporfavor.com\/es\/wp-json\/wp\/v2\/pages\/6\/revisions"}],"predecessor-version":[{"id":7305,"href":"https:\/\/www.espagnolporfavor.com\/es\/wp-json\/wp\/v2\/pages\/6\/revisions\/7305"}],"wp:featuredmedia":[{"embeddable":true,"href":"https:\/\/www.espagnolporfavor.com\/es\/wp-json\/wp\/v2\/media\/44"}],"wp:attachment":[{"href":"https:\/\/www.espagnolporfavor.com\/es\/wp-json\/wp\/v2\/media?parent=6"}],"curies":[{"name":"wp","href":"https:\/\/api.w.org\/{rel}","templated":true}]}}