{"id":9,"date":"2014-12-15T13:49:49","date_gmt":"2014-12-15T13:49:49","guid":{"rendered":"https:\/\/www.espagnolporfavor.com\/blog\/?page_id=9"},"modified":"2023-01-13T14:32:16","modified_gmt":"2023-01-13T19:32:16","slug":"douze-niveaux-despagnol","status":"publish","type":"page","link":"https:\/\/www.espagnolporfavor.com\/es\/douze-niveaux-despagnol\/","title":{"rendered":"Niveles"},"content":{"rendered":"<style type=\"text\/css\"><\/style><p><\/p>\n<h2><a href=\"https:\/\/www.espagnolporfavor.com\/wp-content\/uploads\/2019\/08\/IMG_3244-1.jpg\"><img loading=\"lazy\" decoding=\"async\" class=\"aligncenter wp-image-6734 size-large\" src=\"https:\/\/www.espagnolporfavor.com\/wp-content\/uploads\/2019\/08\/IMG_3244-1-1024x683.jpg\" alt=\"\" width=\"1024\" height=\"683\" srcset=\"https:\/\/www.espagnolporfavor.com\/wp-content\/uploads\/2019\/08\/IMG_3244-1-1024x683.jpg 1024w, https:\/\/www.espagnolporfavor.com\/wp-content\/uploads\/2019\/08\/IMG_3244-1-300x200.jpg 300w, https:\/\/www.espagnolporfavor.com\/wp-content\/uploads\/2019\/08\/IMG_3244-1-768x512.jpg 768w, https:\/\/www.espagnolporfavor.com\/wp-content\/uploads\/2019\/08\/IMG_3244-1-580x387.jpg 580w, https:\/\/www.espagnolporfavor.com\/wp-content\/uploads\/2019\/08\/IMG_3244-1-860x573.jpg 860w, https:\/\/www.espagnolporfavor.com\/wp-content\/uploads\/2019\/08\/IMG_3244-1-1160x773.jpg 1160w\" sizes=\"auto, (max-width: 1024px) 100vw, 1024px\" \/><\/a><\/h2>\n<h2>Empresas y ejecutivos<\/h2>\n<div>\n<p>Hay 10 niveles de ense\u00f1anza con 30 horas lectivas por nivel. Los diez niveles cubren las necesidades comunicativas enfocadas al \u00e1mbito empresarial hasta un nivel intermedio alto (en torno al NIVEL B2 del Marco Europeo de Referencia, aproximadamente). El objetivo es utilizar el idioma como instrumento de trabajo y aplicar los conocimientos a las actividades cotidianas.<\/p>\n<p>A la mitad del nivel se hacen recomendaciones y observaciones espec\u00edficas. Los niveles en las empresas ser\u00e1n homog\u00e9neos seg\u00fan un examen oral y escrito de conocimientos.<\/p>\n<p>Se podr\u00e1n alcanzar los resultados deseados con mayor o menor rapidez seg\u00fan el ritmo dedicado por los alumnos.<\/p>\n<\/div>\n<h2>Adultos<\/h2>\n<div>\n<p>Hay doce niveles de ense\u00f1anza con 20 horas lectivas por nivel. Se alcanza un nivel intermedio alto (nivel B1- B1+ del Marco Europeo de Referencia) con \u00e9nfasis en la gram\u00e1tica. Los grupos ser\u00e1n lo m\u00e1s homog\u00e9neos posible. A partir de los niveles 9 y 12 hay posibilidad de preparaci\u00f3n de los ex\u00e1menes DELE (Diplomas de Espa\u00f1ol como Lengua Extranjera), niveles B1 Y B2, respectivamente. El organismo que los acredita es el Instituto Cervantes, referencia internacional en el aprendizaje del idioma espa\u00f1ol.<\/p>\n<p>Los ex\u00e1menes se llevan a cabo en la Universidad de Montreal, en varias convocatorias anuales.<\/p>\n<\/div>\n<h2>Contenidos<\/h2>\n<h3>Contenidos comunes<\/h3>\n<div>\n<p>En los tres primeros niveles (cuatro para adultos)el alumno sabe plantear y contestar preguntas sobre s\u00ed mismo, sobre el lugar en el que vive, sobre las personas que conoce y sobre las cosas que tiene. Es capaz de hacer frases en \u00e1reas de necesidad inmediata o relativa a temas habituales. Tambi\u00e9n se conocen los saludos y c\u00f3mo tratar con las personas de manera formal. Se conocen las estructuras gramaticales principales, las conjugaciones, los verbos regulares e irregulares, las preposiciones, los adjetivos y sustantivos.<\/p>\n<p>En los tres niveles siguientes (cuatro para adultos) el alumno es capaz de mantener conversaciones cortas y pedir y dar informaci\u00f3n personal. Puede comunicar lo que desea aunque tenga limitaciones de vocabulario. Intercambia ideas sobre temas de actualidad y situaciones de la vida diaria. Tambi\u00e9n es capaz de interactuar en contextos y eventos predecibles; comienza a tomar la iniciativa en algunas conversaciones y sabe c\u00f3mo pedir informaci\u00f3n adicional a la recibida.<\/p>\n<p>En los cuatro \u00faltimos niveles el alumno puede resumir y dar su opini\u00f3n sobre determinados asuntos como un libro o una pel\u00edcula y contestar preguntas con cierto detalle. Es capaz de llevar a cabo una entrevista y de pedir aclaraciones. Se desenvuelve con soltura y comprende r\u00e1pidamente. Utiliza una variedad de conectores (conjunciones, adverbios,etc) que reflejan un mayor dominio del espa\u00f1ol, m\u00e1s coherente y claro para el interlocutor. Por \u00faltimo, es capaz de negociar con argumentos sencillos para conseguir sus objetivos.<\/p>\n<\/div>\n<h3>Contenidos espec\u00edficos<\/h3>\n<div>\n<p>Respecto a las empresas y ejecutivos, aparte de los contenidos mencionados arrriba, el alumno en los tres primeros niveles conoce entre otros, el vocabulario relativo al material de la oficina, las profesiones, c\u00f3mo pedir y dar informaci\u00f3n b\u00e1sica a un cliente o proveedor, pedir y dar direcciones, hablar de precios y cifras y completar una agenda con horarios y citas.<\/p>\n<p>En los tres niveles siguientes se mejora la comprensi\u00f3n oral con simulaciones de entrevistas, se habla de proyectos profesionales y se interact\u00faa con clientes y proveedores dentro de unas pautas conocidas. Se expresan opiniones y quejas a\u00fan con un vocabulario por ampliar y se puede desenvolver en un pa\u00eds de habla hispana para cubrir las necesidades habituales.<\/p>\n<p>En los cuatro \u00faltimos niveles el alumno se desenvuelve con soltura en una entrevista de trabajo o una reuni\u00f3n de negocios. Se toma la iniciativa de la palabra y se interact\u00faa con hispanohablantes con un buen grado de naturalidad y corrrecci\u00f3n. La comprensi\u00f3n es f\u00e1cil en las mayor\u00eda de situaciones y eventos y en caso necesario se sabe c\u00f3mo conseguir informaci\u00f3n adicional o explicaciones al mensaje recibido.<\/p>\n<\/div>\n<p><\/p>","protected":false},"excerpt":{"rendered":"<p>Empresas y ejecutivos Hay 10 niveles de ense\u00f1anza con 30 horas lectivas por nivel. Los diez niveles cubren las necesidades comunicativas enfocadas al \u00e1mbito empresarial hasta un nivel intermedio alto&#8230;<\/p>\n","protected":false},"author":1,"featured_media":20,"parent":0,"menu_order":2,"comment_status":"closed","ping_status":"closed","template":"","meta":{"footnotes":""},"class_list":["post-9","page","type-page","status-publish","has-post-thumbnail","hentry"],"yoast_head":"<!-- This site is optimized with the Yoast SEO plugin v27.2 - https:\/\/yoast.com\/product\/yoast-seo-wordpress\/ -->\n<title>Niveaux d&#039;espagnol pour les adultes - Espagnol Por Favor<\/title>\n<meta name=\"description\" content=\"Nous avons douze niveaux d&#039;espagnol d\u00e8s d\u00e9butant \u00e0 interm\u00e9diaire haut. Le niveau avanc\u00e9 fait partie d&#039;un cours sp\u00e9cialis\u00e9.\" \/>\n<meta name=\"robots\" content=\"index, follow, max-snippet:-1, max-image-preview:large, max-video-preview:-1\" \/>\n<link rel=\"canonical\" href=\"https:\/\/www.espagnolporfavor.com\/douze-niveaux-despagnol\/\" \/>\n<meta property=\"og:locale\" content=\"es_ES\" \/>\n<meta property=\"og:type\" content=\"article\" \/>\n<meta property=\"og:title\" content=\"Niveaux d&#039;espagnol pour les adultes - Espagnol Por Favor\" \/>\n<meta property=\"og:description\" content=\"Nous avons douze niveaux d&#039;espagnol d\u00e8s d\u00e9butant \u00e0 interm\u00e9diaire haut. Le niveau avanc\u00e9 fait partie d&#039;un cours sp\u00e9cialis\u00e9.\" \/>\n<meta property=\"og:url\" content=\"https:\/\/www.espagnolporfavor.com\/douze-niveaux-despagnol\/\" \/>\n<meta property=\"og:site_name\" content=\"Espagnol Por Favor\" \/>\n<meta property=\"article:publisher\" content=\"https:\/\/www.facebook.com\/espagnolporfavor\/\" \/>\n<meta property=\"article:modified_time\" content=\"2023-01-13T19:32:16+00:00\" \/>\n<meta property=\"og:image\" content=\"https:\/\/www.espagnolporfavor.com\/wp-content\/uploads\/2014\/12\/img2.jpg\" \/>\n\t<meta property=\"og:image:width\" content=\"199\" \/>\n\t<meta property=\"og:image:height\" content=\"499\" \/>\n\t<meta property=\"og:image:type\" content=\"image\/jpeg\" \/>\n<meta name=\"twitter:card\" content=\"summary_large_image\" \/>\n<meta name=\"twitter:label1\" content=\"Tiempo de lectura\" \/>\n\t<meta name=\"twitter:data1\" content=\"11 minutos\" \/>\n<script type=\"application\/ld+json\" class=\"yoast-schema-graph\">{\"@context\":\"https:\/\/schema.org\",\"@graph\":[{\"@type\":[\"WebPage\",\"CollectionPage\"],\"@id\":\"https:\/\/www.espagnolporfavor.com\/douze-niveaux-despagnol\/\",\"url\":\"https:\/\/www.espagnolporfavor.com\/douze-niveaux-despagnol\/\",\"name\":\"Niveaux d'espagnol pour les adultes - Espagnol Por Favor\",\"isPartOf\":{\"@id\":\"https:\/\/www.espagnolporfavor.com\/#website\"},\"primaryImageOfPage\":{\"@id\":\"https:\/\/www.espagnolporfavor.com\/douze-niveaux-despagnol\/#primaryimage\"},\"image\":{\"@id\":\"https:\/\/www.espagnolporfavor.com\/douze-niveaux-despagnol\/#primaryimage\"},\"thumbnailUrl\":\"https:\/\/www.espagnolporfavor.com\/wp-content\/uploads\/2014\/12\/img2.jpg\",\"datePublished\":\"2014-12-15T13:49:49+00:00\",\"dateModified\":\"2023-01-13T19:32:16+00:00\",\"description\":\"Nous avons douze niveaux d'espagnol d\u00e8s d\u00e9butant \u00e0 interm\u00e9diaire haut. Le niveau avanc\u00e9 fait partie d'un cours sp\u00e9cialis\u00e9.\",\"breadcrumb\":{\"@id\":\"https:\/\/www.espagnolporfavor.com\/douze-niveaux-despagnol\/#breadcrumb\"},\"inLanguage\":\"es\"},{\"@type\":\"ImageObject\",\"inLanguage\":\"es\",\"@id\":\"https:\/\/www.espagnolporfavor.com\/douze-niveaux-despagnol\/#primaryimage\",\"url\":\"https:\/\/www.espagnolporfavor.com\/wp-content\/uploads\/2014\/12\/img2.jpg\",\"contentUrl\":\"https:\/\/www.espagnolporfavor.com\/wp-content\/uploads\/2014\/12\/img2.jpg\",\"width\":199,\"height\":499},{\"@type\":\"BreadcrumbList\",\"@id\":\"https:\/\/www.espagnolporfavor.com\/douze-niveaux-despagnol\/#breadcrumb\",\"itemListElement\":[{\"@type\":\"ListItem\",\"position\":1,\"name\":\"Home\",\"item\":\"https:\/\/www.espagnolporfavor.com\/\"},{\"@type\":\"ListItem\",\"position\":2,\"name\":\"Niveaux\"}]},{\"@type\":\"WebSite\",\"@id\":\"https:\/\/www.espagnolporfavor.com\/#website\",\"url\":\"https:\/\/www.espagnolporfavor.com\/\",\"name\":\"Espagnol Por Favor\",\"description\":\"Cours d&#039;espagnol Montr\u00e9al\",\"publisher\":{\"@id\":\"https:\/\/www.espagnolporfavor.com\/#organization\"},\"potentialAction\":[{\"@type\":\"SearchAction\",\"target\":{\"@type\":\"EntryPoint\",\"urlTemplate\":\"https:\/\/www.espagnolporfavor.com\/?s={search_term_string}\"},\"query-input\":{\"@type\":\"PropertyValueSpecification\",\"valueRequired\":true,\"valueName\":\"search_term_string\"}}],\"inLanguage\":\"es\"},{\"@type\":\"Organization\",\"@id\":\"https:\/\/www.espagnolporfavor.com\/#organization\",\"name\":\"Cours d'espagnol Por Favor\",\"url\":\"https:\/\/www.espagnolporfavor.com\/\",\"logo\":{\"@type\":\"ImageObject\",\"inLanguage\":\"es\",\"@id\":\"https:\/\/www.espagnolporfavor.com\/#\/schema\/logo\/image\/\",\"url\":\"https:\/\/www.espagnolporfavor.com\/wp-content\/uploads\/2023\/01\/logo-Cours-despagnol-por-favor-10x50-con-logo-amarillo-delante-300-ppi-scaled.jpg\",\"contentUrl\":\"https:\/\/www.espagnolporfavor.com\/wp-content\/uploads\/2023\/01\/logo-Cours-despagnol-por-favor-10x50-con-logo-amarillo-delante-300-ppi-scaled.jpg\",\"width\":2560,\"height\":512,\"caption\":\"Cours d'espagnol Por Favor\"},\"image\":{\"@id\":\"https:\/\/www.espagnolporfavor.com\/#\/schema\/logo\/image\/\"},\"sameAs\":[\"https:\/\/www.facebook.com\/espagnolporfavor\/\"]}]}<\/script>\n<!-- \/ Yoast SEO plugin. -->","yoast_head_json":{"title":"Niveaux d'espagnol pour les adultes - Espagnol Por Favor","description":"Nous avons douze niveaux d'espagnol d\u00e8s d\u00e9butant \u00e0 interm\u00e9diaire haut. Le niveau avanc\u00e9 fait partie d'un cours sp\u00e9cialis\u00e9.","robots":{"index":"index","follow":"follow","max-snippet":"max-snippet:-1","max-image-preview":"max-image-preview:large","max-video-preview":"max-video-preview:-1"},"canonical":"https:\/\/www.espagnolporfavor.com\/douze-niveaux-despagnol\/","og_locale":"es_ES","og_type":"article","og_title":"Niveaux d'espagnol pour les adultes - Espagnol Por Favor","og_description":"Nous avons douze niveaux d'espagnol d\u00e8s d\u00e9butant \u00e0 interm\u00e9diaire haut. Le niveau avanc\u00e9 fait partie d'un cours sp\u00e9cialis\u00e9.","og_url":"https:\/\/www.espagnolporfavor.com\/douze-niveaux-despagnol\/","og_site_name":"Espagnol Por Favor","article_publisher":"https:\/\/www.facebook.com\/espagnolporfavor\/","article_modified_time":"2023-01-13T19:32:16+00:00","og_image":[{"width":199,"height":499,"url":"https:\/\/www.espagnolporfavor.com\/wp-content\/uploads\/2014\/12\/img2.jpg","type":"image\/jpeg"}],"twitter_card":"summary_large_image","twitter_misc":{"Tiempo de lectura":"11 minutos"},"schema":{"@context":"https:\/\/schema.org","@graph":[{"@type":["WebPage","CollectionPage"],"@id":"https:\/\/www.espagnolporfavor.com\/douze-niveaux-despagnol\/","url":"https:\/\/www.espagnolporfavor.com\/douze-niveaux-despagnol\/","name":"Niveaux d'espagnol pour les adultes - Espagnol Por Favor","isPartOf":{"@id":"https:\/\/www.espagnolporfavor.com\/#website"},"primaryImageOfPage":{"@id":"https:\/\/www.espagnolporfavor.com\/douze-niveaux-despagnol\/#primaryimage"},"image":{"@id":"https:\/\/www.espagnolporfavor.com\/douze-niveaux-despagnol\/#primaryimage"},"thumbnailUrl":"https:\/\/www.espagnolporfavor.com\/wp-content\/uploads\/2014\/12\/img2.jpg","datePublished":"2014-12-15T13:49:49+00:00","dateModified":"2023-01-13T19:32:16+00:00","description":"Nous avons douze niveaux d'espagnol d\u00e8s d\u00e9butant \u00e0 interm\u00e9diaire haut. Le niveau avanc\u00e9 fait partie d'un cours sp\u00e9cialis\u00e9.","breadcrumb":{"@id":"https:\/\/www.espagnolporfavor.com\/douze-niveaux-despagnol\/#breadcrumb"},"inLanguage":"es"},{"@type":"ImageObject","inLanguage":"es","@id":"https:\/\/www.espagnolporfavor.com\/douze-niveaux-despagnol\/#primaryimage","url":"https:\/\/www.espagnolporfavor.com\/wp-content\/uploads\/2014\/12\/img2.jpg","contentUrl":"https:\/\/www.espagnolporfavor.com\/wp-content\/uploads\/2014\/12\/img2.jpg","width":199,"height":499},{"@type":"BreadcrumbList","@id":"https:\/\/www.espagnolporfavor.com\/douze-niveaux-despagnol\/#breadcrumb","itemListElement":[{"@type":"ListItem","position":1,"name":"Home","item":"https:\/\/www.espagnolporfavor.com\/"},{"@type":"ListItem","position":2,"name":"Niveaux"}]},{"@type":"WebSite","@id":"https:\/\/www.espagnolporfavor.com\/#website","url":"https:\/\/www.espagnolporfavor.com\/","name":"Espagnol Por Favor","description":"Cours d&#039;espagnol Montr\u00e9al","publisher":{"@id":"https:\/\/www.espagnolporfavor.com\/#organization"},"potentialAction":[{"@type":"SearchAction","target":{"@type":"EntryPoint","urlTemplate":"https:\/\/www.espagnolporfavor.com\/?s={search_term_string}"},"query-input":{"@type":"PropertyValueSpecification","valueRequired":true,"valueName":"search_term_string"}}],"inLanguage":"es"},{"@type":"Organization","@id":"https:\/\/www.espagnolporfavor.com\/#organization","name":"Cours d'espagnol Por Favor","url":"https:\/\/www.espagnolporfavor.com\/","logo":{"@type":"ImageObject","inLanguage":"es","@id":"https:\/\/www.espagnolporfavor.com\/#\/schema\/logo\/image\/","url":"https:\/\/www.espagnolporfavor.com\/wp-content\/uploads\/2023\/01\/logo-Cours-despagnol-por-favor-10x50-con-logo-amarillo-delante-300-ppi-scaled.jpg","contentUrl":"https:\/\/www.espagnolporfavor.com\/wp-content\/uploads\/2023\/01\/logo-Cours-despagnol-por-favor-10x50-con-logo-amarillo-delante-300-ppi-scaled.jpg","width":2560,"height":512,"caption":"Cours d'espagnol Por Favor"},"image":{"@id":"https:\/\/www.espagnolporfavor.com\/#\/schema\/logo\/image\/"},"sameAs":["https:\/\/www.facebook.com\/espagnolporfavor\/"]}]}},"_links":{"self":[{"href":"https:\/\/www.espagnolporfavor.com\/es\/wp-json\/wp\/v2\/pages\/9","targetHints":{"allow":["GET"]}}],"collection":[{"href":"https:\/\/www.espagnolporfavor.com\/es\/wp-json\/wp\/v2\/pages"}],"about":[{"href":"https:\/\/www.espagnolporfavor.com\/es\/wp-json\/wp\/v2\/types\/page"}],"author":[{"embeddable":true,"href":"https:\/\/www.espagnolporfavor.com\/es\/wp-json\/wp\/v2\/users\/1"}],"replies":[{"embeddable":true,"href":"https:\/\/www.espagnolporfavor.com\/es\/wp-json\/wp\/v2\/comments?post=9"}],"version-history":[{"count":12,"href":"https:\/\/www.espagnolporfavor.com\/es\/wp-json\/wp\/v2\/pages\/9\/revisions"}],"predecessor-version":[{"id":6736,"href":"https:\/\/www.espagnolporfavor.com\/es\/wp-json\/wp\/v2\/pages\/9\/revisions\/6736"}],"wp:featuredmedia":[{"embeddable":true,"href":"https:\/\/www.espagnolporfavor.com\/es\/wp-json\/wp\/v2\/media\/20"}],"wp:attachment":[{"href":"https:\/\/www.espagnolporfavor.com\/es\/wp-json\/wp\/v2\/media?parent=9"}],"curies":[{"name":"wp","href":"https:\/\/api.w.org\/{rel}","templated":true}]}}